{"id":749,"date":"2020-09-30T14:54:36","date_gmt":"2020-09-30T14:54:36","guid":{"rendered":"http:\/\/misija-svajones.lt\/?page_id=749"},"modified":"2020-09-30T15:03:31","modified_gmt":"2020-09-30T15:03:31","slug":"bum","status":"publish","type":"page","link":"https:\/\/misija-svajones.lt\/index.php\/veiklos\/detektoriai\/bum\/","title":{"rendered":"vinys"},"content":{"rendered":"\t\t<div data-elementor-type=\"wp-page\" data-elementor-id=\"749\" class=\"elementor elementor-749\">\n\t\t\t\t\t\t<section class=\"has_eae_slider elementor-section elementor-top-section elementor-element elementor-element-a65bbcf elementor-section-full_width elementor-section-content-bottom elementor-section-height-default elementor-section-height-default\" data-eae-slider=\"78778\" data-id=\"a65bbcf\" data-element_type=\"section\" data-e-type=\"section\" data-settings=\"{&quot;background_background&quot;:&quot;classic&quot;}\">\n\t\t\t\t\t\t\t<div class=\"elementor-background-overlay\"><\/div>\n\t\t\t\t\t\t\t<div class=\"elementor-container elementor-column-gap-no\">\n\t\t\t\t\t<div class=\"has_eae_slider elementor-column elementor-col-100 elementor-top-column elementor-element elementor-element-d135a52\" data-eae-slider=\"91835\" data-id=\"d135a52\" data-element_type=\"column\" data-e-type=\"column\">\n\t\t\t<div class=\"elementor-widget-wrap elementor-element-populated\">\n\t\t\t\t\t\t<div class=\"elementor-element elementor-element-af28e80 elementor-widget elementor-widget-heading\" data-id=\"af28e80\" data-element_type=\"widget\" data-e-type=\"widget\" data-widget_type=\"heading.default\">\n\t\t\t\t<div class=\"elementor-widget-container\">\n\t\t\t\t\t<h5 class=\"elementor-heading-title elementor-size-default\">arba kaip a\u0161 zirziau, jog nieko nerandu<\/h5>\t\t\t\t<\/div>\n\t\t\t\t<\/div>\n\t\t\t\t<div class=\"elementor-element elementor-element-693f0ef elementor-widget elementor-widget-heading\" data-id=\"693f0ef\" data-element_type=\"widget\" data-e-type=\"widget\" data-widget_type=\"heading.default\">\n\t\t\t\t<div class=\"elementor-widget-container\">\n\t\t\t\t\t<h1 class=\"elementor-heading-title elementor-size-default\">Vinys<\/h1>\t\t\t\t<\/div>\n\t\t\t\t<\/div>\n\t\t\t\t\t<\/div>\n\t\t<\/div>\n\t\t\t\t\t<\/div>\n\t\t<\/section>\n\t\t\t\t<section class=\"has_eae_slider elementor-section elementor-top-section elementor-element elementor-element-860192b elementor-section-boxed elementor-section-height-default elementor-section-height-default\" data-eae-slider=\"49068\" data-id=\"860192b\" data-element_type=\"section\" data-e-type=\"section\">\n\t\t\t\t\t\t<div class=\"elementor-container elementor-column-gap-default\">\n\t\t\t\t\t<div class=\"has_eae_slider elementor-column elementor-col-66 elementor-top-column elementor-element elementor-element-6da9fb5\" data-eae-slider=\"25610\" data-id=\"6da9fb5\" data-element_type=\"column\" data-e-type=\"column\">\n\t\t\t<div class=\"elementor-widget-wrap elementor-element-populated\">\n\t\t\t\t\t\t<div class=\"elementor-element elementor-element-70f51cd elementor-widget elementor-widget-text-editor\" data-id=\"70f51cd\" data-element_type=\"widget\" data-e-type=\"widget\" data-widget_type=\"text-editor.default\">\n\t\t\t\t<div class=\"elementor-widget-container\">\n\t\t\t\t\t\t\t\t\t<p>Kiek laiko pra\u0117jo? Daug&#8230; Tikrai daug&#8230;<\/p><p>Mintyse vis dar sukasi vasaros prisiminimai.<\/p><p>Ilgi ir nuostab\u016bs vakarai. Tokie ugningi, kad net atrodo kaip netikri. Atrodo, kaip &#8220;<em>fotoshopinti<\/em>&#8220;&#8230; <\/p><p>Tyl\u0105 skrod\u017eia garsai.<\/p><p>Ore tvyro \u012fvair\u016bs kvapai.<\/p><p>Pypt. Signalas. Laikas kasti.<\/p>\t\t\t\t\t\t\t\t<\/div>\n\t\t\t\t<\/div>\n\t\t\t\t\t<\/div>\n\t\t<\/div>\n\t\t\t\t<div class=\"has_eae_slider elementor-column elementor-col-33 elementor-top-column elementor-element elementor-element-5a072b9\" data-eae-slider=\"26737\" data-id=\"5a072b9\" data-element_type=\"column\" data-e-type=\"column\">\n\t\t\t<div class=\"elementor-widget-wrap elementor-element-populated\">\n\t\t\t\t\t\t<div class=\"elementor-element elementor-element-78b9f02 elementor-widget elementor-widget-image\" data-id=\"78b9f02\" data-element_type=\"widget\" data-e-type=\"widget\" data-widget_type=\"image.default\">\n\t\t\t\t<div class=\"elementor-widget-container\">\n\t\t\t\t\t\t\t\t\t\t\t\t\t\t\t<img fetchpriority=\"high\" decoding=\"async\" width=\"1024\" height=\"768\" src=\"https:\/\/misija-svajones.lt\/wp-content\/uploads\/2020\/09\/IMG_20200814_212737-1024x768.jpg\" class=\"attachment-large size-large wp-image-752\" alt=\"\" srcset=\"https:\/\/misija-svajones.lt\/wp-content\/uploads\/2020\/09\/IMG_20200814_212737-1024x768.jpg 1024w, https:\/\/misija-svajones.lt\/wp-content\/uploads\/2020\/09\/IMG_20200814_212737-300x225.jpg 300w, https:\/\/misija-svajones.lt\/wp-content\/uploads\/2020\/09\/IMG_20200814_212737-768x576.jpg 768w, https:\/\/misija-svajones.lt\/wp-content\/uploads\/2020\/09\/IMG_20200814_212737-1536x1152.jpg 1536w, https:\/\/misija-svajones.lt\/wp-content\/uploads\/2020\/09\/IMG_20200814_212737-2048x1536.jpg 2048w\" sizes=\"(max-width: 1024px) 100vw, 1024px\" \/>\t\t\t\t\t\t\t\t\t\t\t\t\t\t\t<\/div>\n\t\t\t\t<\/div>\n\t\t\t\t\t<\/div>\n\t\t<\/div>\n\t\t\t\t\t<\/div>\n\t\t<\/section>\n\t\t\t\t<section class=\"has_eae_slider elementor-section elementor-top-section elementor-element elementor-element-cf1a69c elementor-section-boxed elementor-section-height-default elementor-section-height-default\" data-eae-slider=\"96074\" data-id=\"cf1a69c\" data-element_type=\"section\" data-e-type=\"section\">\n\t\t\t\t\t\t<div class=\"elementor-container elementor-column-gap-default\">\n\t\t\t\t\t<div class=\"has_eae_slider elementor-column elementor-col-33 elementor-top-column elementor-element elementor-element-0ed9438\" data-eae-slider=\"14806\" data-id=\"0ed9438\" data-element_type=\"column\" data-e-type=\"column\">\n\t\t\t<div class=\"elementor-widget-wrap\">\n\t\t\t\t\t\t\t<\/div>\n\t\t<\/div>\n\t\t\t\t<div class=\"has_eae_slider elementor-column elementor-col-66 elementor-top-column elementor-element elementor-element-d32badc\" data-eae-slider=\"26810\" data-id=\"d32badc\" data-element_type=\"column\" data-e-type=\"column\">\n\t\t\t<div class=\"elementor-widget-wrap elementor-element-populated\">\n\t\t\t\t\t\t<div class=\"elementor-element elementor-element-a4c9394 elementor-widget elementor-widget-text-editor\" data-id=\"a4c9394\" data-element_type=\"widget\" data-e-type=\"widget\" data-widget_type=\"text-editor.default\">\n\t\t\t\t<div class=\"elementor-widget-container\">\n\t\t\t\t\t\t\t\t\t<p>Puikiai i\u0161silaikiusi pasaga i\u0161lindo visai netik\u0117tai vos po keli\u0173 nes\u0117kming\u0173 prit\u016bpim\u0173 (pora vini\u0173 ir aliumin\u0117 viela &#8211; t\u0117ti, kiek galima juos m\u0117tyti?)<\/p><p>Sako pasagos ne\u0161a laim\u0119&#8230; Na, faktas, kad turi j\u0105, nekei\u010dia fakto, jog vis dar nenusipirkai loterijos bilieto. Tai, kaip tada ji gali atne\u0161ti laim\u0119?<\/p><p>&#8211; O \u0161iandien bus laiminga diena, &#8211; nusi\u0161ypsojom.<\/p><p>Su tais \u017eod\u017eiais signalas sumu\u0161\u0117 rekordus. <\/p><p>&#8211; Auksas, &#8211; jau nebejuokingas juokelis.<\/p>\t\t\t\t\t\t\t\t<\/div>\n\t\t\t\t<\/div>\n\t\t\t\t\t<\/div>\n\t\t<\/div>\n\t\t\t\t\t<\/div>\n\t\t<\/section>\n\t\t\t\t<section class=\"has_eae_slider elementor-section elementor-top-section elementor-element elementor-element-012aa25 elementor-section-boxed elementor-section-height-default elementor-section-height-default\" data-eae-slider=\"22921\" data-id=\"012aa25\" data-element_type=\"section\" data-e-type=\"section\">\n\t\t\t\t\t\t<div class=\"elementor-container elementor-column-gap-default\">\n\t\t\t\t\t<div class=\"has_eae_slider elementor-column elementor-col-100 elementor-top-column elementor-element elementor-element-1bf7259\" data-eae-slider=\"47604\" data-id=\"1bf7259\" data-element_type=\"column\" data-e-type=\"column\">\n\t\t\t<div class=\"elementor-widget-wrap elementor-element-populated\">\n\t\t\t\t\t\t<div class=\"elementor-element elementor-element-ba6eab7 elementor-widget elementor-widget-text-editor\" data-id=\"ba6eab7\" data-element_type=\"widget\" data-e-type=\"widget\" data-widget_type=\"text-editor.default\">\n\t\t\t\t<div class=\"elementor-widget-container\">\n\t\t\t\t\t\t\t\t\t<p>Ai\u0161ku, vis dar jokio aukso, ta\u010diau ir \u010dia teko paprakaituoti.\u00a0 Pinpointer&#8217;is rodo, kad tai bus didelis daiktas. Faktas, bus metalo luitas, ta\u010diau tikrai nesitik\u0117jau i\u0161rausti vik\u0161ro dalies (<em>vien\u0105 gabal\u0105 galite pamatyti nuotraukose, kitas, ka\u017ekod\u0117l tai,\u00a0 liko ne\u012fam\u017eintas ir dargi pasiliko lauke<\/em>). Po poros toki\u0173 dali\u0173 kilo klausimas, kod\u0117l jie \u010dia m\u0117tosi, kod\u0117l po remonto niekas nesurinko liku\u010di\u0173.<\/p><p>Na, bet \u017einant sovietme\u010dio kol\u016bkio traktoristus\/kombainistus ir pan. klausim\u0173 daugiau nekilo. Retas kuris tais laikais tausojo jam patik\u0117t\u0105 valstybin\u012f turt\u0105 ir dar re\u010diau remontavo be &#8220;sutepimo&#8221;, po kurio daug kas pasiliko ten, kur ir nukrito&#8230; Tame tarpe ir ponas vairuotojas.<\/p>\t\t\t\t\t\t\t\t<\/div>\n\t\t\t\t<\/div>\n\t\t\t\t\t<\/div>\n\t\t<\/div>\n\t\t\t\t\t<\/div>\n\t\t<\/section>\n\t\t\t\t<section class=\"has_eae_slider elementor-section elementor-top-section elementor-element elementor-element-a421247 elementor-section-boxed elementor-section-height-default elementor-section-height-default\" data-eae-slider=\"15898\" data-id=\"a421247\" data-element_type=\"section\" data-e-type=\"section\">\n\t\t\t\t\t\t<div class=\"elementor-container elementor-column-gap-default\">\n\t\t\t\t\t<div class=\"has_eae_slider elementor-column elementor-col-100 elementor-top-column elementor-element elementor-element-8fd0529\" data-eae-slider=\"15005\" data-id=\"8fd0529\" data-element_type=\"column\" data-e-type=\"column\">\n\t\t\t<div class=\"elementor-widget-wrap elementor-element-populated\">\n\t\t\t\t\t\t<div class=\"elementor-element elementor-element-d04f79b elementor-arrows-position-inside elementor-widget elementor-widget-image-carousel\" data-id=\"d04f79b\" data-element_type=\"widget\" data-e-type=\"widget\" data-settings=\"{&quot;navigation&quot;:&quot;arrows&quot;,&quot;autoplay&quot;:&quot;yes&quot;,&quot;pause_on_hover&quot;:&quot;yes&quot;,&quot;pause_on_interaction&quot;:&quot;yes&quot;,&quot;autoplay_speed&quot;:5000,&quot;infinite&quot;:&quot;yes&quot;,&quot;speed&quot;:500,&quot;image_spacing_custom&quot;:{&quot;unit&quot;:&quot;px&quot;,&quot;size&quot;:20,&quot;sizes&quot;:[]},&quot;image_spacing_custom_tablet&quot;:{&quot;unit&quot;:&quot;px&quot;,&quot;size&quot;:&quot;&quot;,&quot;sizes&quot;:[]},&quot;image_spacing_custom_mobile&quot;:{&quot;unit&quot;:&quot;px&quot;,&quot;size&quot;:&quot;&quot;,&quot;sizes&quot;:[]}}\" data-widget_type=\"image-carousel.default\">\n\t\t\t\t<div class=\"elementor-widget-container\">\n\t\t\t\t\t\t\t<div class=\"elementor-image-carousel-wrapper swiper\" role=\"region\" aria-roledescription=\"carousel\" aria-label=\"Image Carousel\" dir=\"ltr\">\n\t\t\t<div class=\"elementor-image-carousel swiper-wrapper\" aria-live=\"off\">\n\t\t\t\t\t\t\t\t<div class=\"swiper-slide\" role=\"group\" aria-roledescription=\"slide\" aria-label=\"1 of 5\"><figure class=\"swiper-slide-inner\"><img decoding=\"async\" class=\"swiper-slide-image\" src=\"https:\/\/misija-svajones.lt\/wp-content\/uploads\/2020\/09\/IMG_20200817_202748-1024x768.jpg\" alt=\"IMG_20200817_202748\" \/><\/figure><\/div><div class=\"swiper-slide\" role=\"group\" aria-roledescription=\"slide\" aria-label=\"2 of 5\"><figure class=\"swiper-slide-inner\"><img decoding=\"async\" class=\"swiper-slide-image\" src=\"https:\/\/misija-svajones.lt\/wp-content\/uploads\/2020\/09\/IMG_20200818_175548-1024x768.jpg\" alt=\"IMG_20200818_175548\" \/><\/figure><\/div><div class=\"swiper-slide\" role=\"group\" aria-roledescription=\"slide\" aria-label=\"3 of 5\"><figure class=\"swiper-slide-inner\"><img decoding=\"async\" class=\"swiper-slide-image\" src=\"https:\/\/misija-svajones.lt\/wp-content\/uploads\/2020\/09\/IMG_20200818_182844-scaled-e1601475761177-1024x768.jpg\" alt=\"IMG_20200818_182844\" \/><\/figure><\/div><div class=\"swiper-slide\" role=\"group\" aria-roledescription=\"slide\" aria-label=\"4 of 5\"><figure class=\"swiper-slide-inner\"><img decoding=\"async\" class=\"swiper-slide-image\" src=\"https:\/\/misija-svajones.lt\/wp-content\/uploads\/2020\/09\/IMG_20200817_202347-scaled-e1601475747174-1024x768.jpg\" alt=\"IMG_20200817_202347\" \/><\/figure><\/div><div class=\"swiper-slide\" role=\"group\" aria-roledescription=\"slide\" aria-label=\"5 of 5\"><figure class=\"swiper-slide-inner\"><img decoding=\"async\" class=\"swiper-slide-image\" src=\"https:\/\/misija-svajones.lt\/wp-content\/uploads\/2020\/09\/IMG_20200817_202810-1024x768.jpg\" alt=\"IMG_20200817_202810\" \/><\/figure><\/div>\t\t\t<\/div>\n\t\t\t\t\t\t\t\t\t\t\t\t<div class=\"elementor-swiper-button elementor-swiper-button-prev\" role=\"button\" tabindex=\"0\">\n\t\t\t\t\t\t<i aria-hidden=\"true\" class=\"eicon-chevron-left\"><\/i>\t\t\t\t\t<\/div>\n\t\t\t\t\t<div class=\"elementor-swiper-button elementor-swiper-button-next\" role=\"button\" tabindex=\"0\">\n\t\t\t\t\t\t<i aria-hidden=\"true\" class=\"eicon-chevron-right\"><\/i>\t\t\t\t\t<\/div>\n\t\t\t\t\n\t\t\t\t\t\t\t\t\t<\/div>\n\t\t\t\t\t\t<\/div>\n\t\t\t\t<\/div>\n\t\t\t\t\t<\/div>\n\t\t<\/div>\n\t\t\t\t\t<\/div>\n\t\t<\/section>\n\t\t\t\t<section class=\"has_eae_slider elementor-section elementor-top-section elementor-element elementor-element-7995297 elementor-section-boxed elementor-section-height-default elementor-section-height-default\" data-eae-slider=\"43696\" data-id=\"7995297\" data-element_type=\"section\" data-e-type=\"section\">\n\t\t\t\t\t\t<div class=\"elementor-container elementor-column-gap-default\">\n\t\t\t\t\t<div class=\"has_eae_slider elementor-column elementor-col-100 elementor-top-column elementor-element elementor-element-ca7acec\" data-eae-slider=\"35610\" data-id=\"ca7acec\" data-element_type=\"column\" data-e-type=\"column\">\n\t\t\t<div class=\"elementor-widget-wrap elementor-element-populated\">\n\t\t\t\t\t\t<div class=\"elementor-element elementor-element-9bf6817 elementor-widget elementor-widget-text-editor\" data-id=\"9bf6817\" data-element_type=\"widget\" data-e-type=\"widget\" data-widget_type=\"text-editor.default\">\n\t\t\t\t<div class=\"elementor-widget-container\">\n\t\t\t\t\t\t\t\t\t<p>Po vik\u0161r\u0173 sek\u0117 dar daugiau metalo lau\u017eo. Ka\u017ekod\u0117l nor\u0117josi i\u0161kasti visk\u0105. Buvo visai nesvarbu: viela, metalo atplai\u0161a ar vinis. Atrod\u0117, kad vykdai ka\u017ekoki\u0105 \u0161varinimo misij\u0105. Surastos \u0161aibos ir kultivatoriaus virbai nugul\u0117 \u012f kuprin\u0119, kuris vis sunk\u0117jo ir sunk\u0117jo.<\/p><p>Netik\u0117tai pasirod\u0117 kaltiniai vinys &#8211; senoviniai. Ka\u017ein, ar yra koks \u0161altinis, kuriame b\u016bt\u0173 galima rasti daugiau informacijos, kada ir kokie vinys buvo gaminami, naudojami, nes \u0161itie tikrai ne nauji? V\u0117liau su\u017einojome, kad radome daug tarpukario laikotarpiu naudot\u0173 pasagoms tvirtinti (vis dar neatsistebiu, kaip \u017emon\u0117s vos dirstel\u0117j\u0119 gali pasakyti kam kas yra skirta).<\/p><p>&#8211; Tu tikriausiai visus vinis i\u0161 lauko surinksi, &#8211; \u0161aip\u0117si i\u0161 man\u0119s.<\/p><p>&#8211; Jau geriau vinis, nei nieko. Kaip galima vaik\u0161\u010diot pora valand\u0173 ir n\u0117 karto nepasilenkti? Man jau atsibodo.<\/p><p>&#8211; Pasim\u0117gauk.<\/p><p>&#8211; Kuo \u010dia m\u0117gautis? Arba kasi arba eini namo, &#8211; \u012f tokius \u017eod\u017eius mano kompanionas atsak\u0117 \u0161ypsena ir nup\u0117dino toliau. A\u0161 likau \u0161alia savo &#8220;kaltinuk\u0173&#8221;, d\u0117liojau juos ant \u017eem\u0117s (nagi, nagi, fotosesija).<\/p>\t\t\t\t\t\t\t\t<\/div>\n\t\t\t\t<\/div>\n\t\t\t\t\t<\/div>\n\t\t<\/div>\n\t\t\t\t\t<\/div>\n\t\t<\/section>\n\t\t\t\t<\/div>\n\t\t","protected":false},"excerpt":{"rendered":"<p>arba kaip a\u0161 zirziau, jog nieko nerandu Vinys Kiek laiko pra\u0117jo? Daug&#8230; Tikrai daug&#8230; Mintyse vis dar sukasi vasaros prisiminimai. Ilgi ir nuostab\u016bs vakarai. Tokie ugningi, kad net atrodo kaip netikri. Atrodo, kaip &#8220;fotoshopinti&#8220;&#8230; Tyl\u0105 skrod\u017eia garsai. Ore tvyro \u012fvair\u016bs kvapai. Pypt. Signalas. Laikas kasti. Jau geriau vinis, nei nieko. Kaip galima vaik\u0161\u010diot pora valand\u0173 [&hellip;]<\/p>\n","protected":false},"author":1,"featured_media":750,"parent":372,"menu_order":0,"comment_status":"closed","ping_status":"closed","template":"","meta":{"site-sidebar-layout":"no-sidebar","site-content-layout":"page-builder","ast-site-content-layout":"default","site-content-style":"default","site-sidebar-style":"default","ast-global-header-display":"","ast-banner-title-visibility":"","ast-main-header-display":"","ast-hfb-above-header-display":"","ast-hfb-below-header-display":"","ast-hfb-mobile-header-display":"","site-post-title":"disabled","ast-breadcrumbs-content":"","ast-featured-img":"disabled","footer-sml-layout":"","ast-disable-related-posts":"","theme-transparent-header-meta":"default","adv-header-id-meta":"","stick-header-meta":"","header-above-stick-meta":"","header-main-stick-meta":"","header-below-stick-meta":"","astra-migrate-meta-layouts":"default","ast-page-background-enabled":"default","ast-page-background-meta":{"desktop":{"background-color":"var(--ast-global-color-4)","background-image":"","background-repeat":"repeat","background-position":"center center","background-size":"auto","background-attachment":"scroll","background-type":"","background-media":"","overlay-type":"","overlay-color":"","overlay-opacity":"","overlay-gradient":""},"tablet":{"background-color":"","background-image":"","background-repeat":"repeat","background-position":"center center","background-size":"auto","background-attachment":"scroll","background-type":"","background-media":"","overlay-type":"","overlay-color":"","overlay-opacity":"","overlay-gradient":""},"mobile":{"background-color":"","background-image":"","background-repeat":"repeat","background-position":"center center","background-size":"auto","background-attachment":"scroll","background-type":"","background-media":"","overlay-type":"","overlay-color":"","overlay-opacity":"","overlay-gradient":""}},"ast-content-background-meta":{"desktop":{"background-color":"var(--ast-global-color-5)","background-image":"","background-repeat":"repeat","background-position":"center center","background-size":"auto","background-attachment":"scroll","background-type":"","background-media":"","overlay-type":"","overlay-color":"","overlay-opacity":"","overlay-gradient":""},"tablet":{"background-color":"var(--ast-global-color-5)","background-image":"","background-repeat":"repeat","background-position":"center center","background-size":"auto","background-attachment":"scroll","background-type":"","background-media":"","overlay-type":"","overlay-color":"","overlay-opacity":"","overlay-gradient":""},"mobile":{"background-color":"var(--ast-global-color-5)","background-image":"","background-repeat":"repeat","background-position":"center center","background-size":"auto","background-attachment":"scroll","background-type":"","background-media":"","overlay-type":"","overlay-color":"","overlay-opacity":"","overlay-gradient":""}},"footnotes":""},"class_list":["post-749","page","type-page","status-publish","has-post-thumbnail","hentry"],"_links":{"self":[{"href":"https:\/\/misija-svajones.lt\/index.php\/wp-json\/wp\/v2\/pages\/749","targetHints":{"allow":["GET"]}}],"collection":[{"href":"https:\/\/misija-svajones.lt\/index.php\/wp-json\/wp\/v2\/pages"}],"about":[{"href":"https:\/\/misija-svajones.lt\/index.php\/wp-json\/wp\/v2\/types\/page"}],"author":[{"embeddable":true,"href":"https:\/\/misija-svajones.lt\/index.php\/wp-json\/wp\/v2\/users\/1"}],"replies":[{"embeddable":true,"href":"https:\/\/misija-svajones.lt\/index.php\/wp-json\/wp\/v2\/comments?post=749"}],"version-history":[{"count":7,"href":"https:\/\/misija-svajones.lt\/index.php\/wp-json\/wp\/v2\/pages\/749\/revisions"}],"predecessor-version":[{"id":770,"href":"https:\/\/misija-svajones.lt\/index.php\/wp-json\/wp\/v2\/pages\/749\/revisions\/770"}],"up":[{"embeddable":true,"href":"https:\/\/misija-svajones.lt\/index.php\/wp-json\/wp\/v2\/pages\/372"}],"wp:featuredmedia":[{"embeddable":true,"href":"https:\/\/misija-svajones.lt\/index.php\/wp-json\/wp\/v2\/media\/750"}],"wp:attachment":[{"href":"https:\/\/misija-svajones.lt\/index.php\/wp-json\/wp\/v2\/media?parent=749"}],"curies":[{"name":"wp","href":"https:\/\/api.w.org\/{rel}","templated":true}]}}