{"id":704,"date":"2020-08-20T05:29:30","date_gmt":"2020-08-20T05:29:30","guid":{"rendered":"http:\/\/misija-svajones.lt\/?page_id=704"},"modified":"2020-08-20T05:38:03","modified_gmt":"2020-08-20T05:38:03","slug":"litas","status":"publish","type":"page","link":"https:\/\/misija-svajones.lt\/index.php\/veiklos\/detektoriai\/litas\/","title":{"rendered":"litas"},"content":{"rendered":"\t\t<div data-elementor-type=\"wp-page\" data-elementor-id=\"704\" class=\"elementor elementor-704\">\n\t\t\t\t\t\t<section class=\"has_eae_slider elementor-section elementor-top-section elementor-element elementor-element-6027c42 elementor-section-full_width elementor-section-content-bottom elementor-section-height-default elementor-section-height-default\" data-eae-slider=\"20639\" data-id=\"6027c42\" data-element_type=\"section\" data-e-type=\"section\" data-settings=\"{&quot;background_background&quot;:&quot;classic&quot;}\">\n\t\t\t\t\t\t\t<div class=\"elementor-background-overlay\"><\/div>\n\t\t\t\t\t\t\t<div class=\"elementor-container elementor-column-gap-no\">\n\t\t\t\t\t<div class=\"has_eae_slider elementor-column elementor-col-100 elementor-top-column elementor-element elementor-element-2182140\" data-eae-slider=\"53444\" data-id=\"2182140\" data-element_type=\"column\" data-e-type=\"column\">\n\t\t\t<div class=\"elementor-widget-wrap elementor-element-populated\">\n\t\t\t\t\t\t<div class=\"elementor-element elementor-element-aeadcfe elementor-widget elementor-widget-heading\" data-id=\"aeadcfe\" data-element_type=\"widget\" data-e-type=\"widget\" data-widget_type=\"heading.default\">\n\t\t\t\t<div class=\"elementor-widget-container\">\n\t\t\t\t\t<h5 class=\"elementor-heading-title elementor-size-default\">arba kaip mes metalo lau\u017e\u0105 rinkome<\/h5>\t\t\t\t<\/div>\n\t\t\t\t<\/div>\n\t\t\t\t<div class=\"elementor-element elementor-element-902cf00 elementor-widget elementor-widget-heading\" data-id=\"902cf00\" data-element_type=\"widget\" data-e-type=\"widget\" data-widget_type=\"heading.default\">\n\t\t\t\t<div class=\"elementor-widget-container\">\n\t\t\t\t\t<h1 class=\"elementor-heading-title elementor-size-default\">Litas<\/h1>\t\t\t\t<\/div>\n\t\t\t\t<\/div>\n\t\t\t\t\t<\/div>\n\t\t<\/div>\n\t\t\t\t\t<\/div>\n\t\t<\/section>\n\t\t\t\t<section class=\"has_eae_slider elementor-section elementor-top-section elementor-element elementor-element-76e2eba elementor-section-boxed elementor-section-height-default elementor-section-height-default\" data-eae-slider=\"3770\" data-id=\"76e2eba\" data-element_type=\"section\" data-e-type=\"section\">\n\t\t\t\t\t\t<div class=\"elementor-container elementor-column-gap-default\">\n\t\t\t\t\t<div class=\"has_eae_slider elementor-column elementor-col-100 elementor-top-column elementor-element elementor-element-9719102\" data-eae-slider=\"25048\" data-id=\"9719102\" data-element_type=\"column\" data-e-type=\"column\">\n\t\t\t<div class=\"elementor-widget-wrap elementor-element-populated\">\n\t\t\t\t\t\t<div class=\"elementor-element elementor-element-efbe84c elementor-widget elementor-widget-text-editor\" data-id=\"efbe84c\" data-element_type=\"widget\" data-e-type=\"widget\" data-widget_type=\"text-editor.default\">\n\t\t\t\t<div class=\"elementor-widget-container\">\n\t\t\t\t\t\t\t\t\t<p>Labai da\u017enai, kai u\u017esiimi kokiu nors hobiu, \u017emon\u0117s keistai \u012f tave \u017ei\u016bri ir sako &#8220;u\u017esiimk normalia veikla&#8221;. O kas yra &#8220;normalu&#8221;? Dirbti? Ils\u0117tis? Dirbti? O gal visos veiklos turi b\u016bti matuojamos pinigine naudos i\u0161rai\u0161ka? &#8220;Like&#8221; skai\u010diumi socialiniuose tinkluose? Sek\u0117j\u0173 gausa?<\/p><p>XXI a. &#8220;normalumo&#8221; suvokimas tapo labai diskutuotinas dalykas. \u010cia i\u0161kart prisimenu draug\u0117s \u017eod\u017eius: &#8220;Jei tau gerai, tai kod\u0117l kitiem r\u016bpi? Gal jie savo gyvenimo neturi?&#8221;<\/p><p>Hmm&#8230; Gera mintis&#8230; Logi\u0161kai m\u0105stant, jei \u017emon\u0117s turi, k\u0105 veikti, yra laimingi savo veiklose ir poilsyje, tai kod\u0117l nuolat kyla poreikis &#8220;aukl\u0117ti kit\u0105&#8221;? atrodo, kad visi esame ekspertai \ud83d\ude42 ir ka\u017ekaip pamir\u0161ome \u017eod\u012f &#8220;patarimas&#8221;.<\/p><p>Tokia situacija, ypa\u010d, kai visk\u0105 met\u0119s po darb\u0173 krauniesi detektori\u0173, kastuv\u0105, pinpointer\u012f ir kuprin\u0119, ka\u017ekod\u0117l ver\u010dia kraipyti galvas.<\/p><p>&#8211; \u0160\u012fkart gal lob\u012f parve\u0161i, &#8211; pasi\u0161aipo ir prideda, &#8211; gana to metalo lau\u017eo.<\/p><p>&#8211; M\u016bs\u0173 darbas, ne tik lob\u012f rasti, bet ir valyti laukus nuo metalo lau\u017eo. Visiem geriau. Ir, be to, galima lau\u017e\u0105 priduoti ir bent sune\u0161ioti batai ar sulau\u017eytas kastuvas atsipirks.<\/p>\t\t\t\t\t\t\t\t<\/div>\n\t\t\t\t<\/div>\n\t\t\t\t\t<\/div>\n\t\t<\/div>\n\t\t\t\t\t<\/div>\n\t\t<\/section>\n\t\t\t\t<section class=\"has_eae_slider elementor-section elementor-top-section elementor-element elementor-element-af783b6 elementor-section-boxed elementor-section-height-default elementor-section-height-default\" data-eae-slider=\"88470\" data-id=\"af783b6\" data-element_type=\"section\" data-e-type=\"section\">\n\t\t\t\t\t\t<div class=\"elementor-container elementor-column-gap-default\">\n\t\t\t\t\t<div class=\"has_eae_slider elementor-column elementor-col-66 elementor-top-column elementor-element elementor-element-522c66c\" data-eae-slider=\"89909\" data-id=\"522c66c\" data-element_type=\"column\" data-e-type=\"column\">\n\t\t\t<div class=\"elementor-widget-wrap elementor-element-populated\">\n\t\t\t\t\t\t<div class=\"elementor-element elementor-element-293d650 elementor-widget elementor-widget-text-editor\" data-id=\"293d650\" data-element_type=\"widget\" data-e-type=\"widget\" data-widget_type=\"text-editor.default\">\n\t\t\t\t<div class=\"elementor-widget-container\">\n\t\t\t\t\t\t\t\t\t<p>I\u0161vykos su metalo detektoriumi turi daugyb\u0119 privalum\u0173: sportas (patik\u0117kit &#8211; eini, kasi, tupiesi, stojiesi&#8230; ir taip neai\u0161ku kiek kart\u0173&#8230; sporto sal\u0117 v\u0117liau atrodys kaip vaik\u0173 \u017eaidim\u0173 aik\u0161tel\u0117), buvimas gryname ore, savoti\u0161ka meditacijos forma (esi su savim ir detektoriumi, susilieji su gamta ir savo mintimis), \u017einios ir atradimo bei nusivylimo jausmas.<\/p><p>&#8211; Visi pradedantieji kasa metalo lau\u017e\u0105, &#8211; porina metalo detektori\u0173 asas.<\/p><p>Na taip, kasa, nes reikia ka\u017ekaip i\u0161mokti atskirti metalus, dyd\u017eius ir pan. Ta\u010diau kartu tai kilni misija &#8211; i\u0161valyti lauk\u0105. Ai\u0161ku, po 101 vinies nori sviesti \u012f \u0161on\u0105 \u012frankius ir eiti namo, bet juk ir \u012f kosmos\u0105 ne i\u0161 pirmo karto pakilti pavyko.<\/p>\t\t\t\t\t\t\t\t<\/div>\n\t\t\t\t<\/div>\n\t\t\t\t\t<\/div>\n\t\t<\/div>\n\t\t\t\t<div class=\"has_eae_slider elementor-column elementor-col-33 elementor-top-column elementor-element elementor-element-f8800d4\" data-eae-slider=\"53003\" data-id=\"f8800d4\" data-element_type=\"column\" data-e-type=\"column\">\n\t\t\t<div class=\"elementor-widget-wrap\">\n\t\t\t\t\t\t\t<\/div>\n\t\t<\/div>\n\t\t\t\t\t<\/div>\n\t\t<\/section>\n\t\t\t\t<section class=\"has_eae_slider elementor-section elementor-top-section elementor-element elementor-element-af64283 elementor-section-boxed elementor-section-height-default elementor-section-height-default\" data-eae-slider=\"21590\" data-id=\"af64283\" data-element_type=\"section\" data-e-type=\"section\">\n\t\t\t\t\t\t<div class=\"elementor-container elementor-column-gap-default\">\n\t\t\t\t\t<div class=\"has_eae_slider elementor-column elementor-col-100 elementor-top-column elementor-element elementor-element-e9c41ca\" data-eae-slider=\"68279\" data-id=\"e9c41ca\" data-element_type=\"column\" data-e-type=\"column\">\n\t\t\t<div class=\"elementor-widget-wrap elementor-element-populated\">\n\t\t\t\t\t\t<div class=\"elementor-element elementor-element-2436319 elementor-widget elementor-widget-text-editor\" data-id=\"2436319\" data-element_type=\"widget\" data-e-type=\"widget\" data-widget_type=\"text-editor.default\">\n\t\t\t\t<div class=\"elementor-widget-container\">\n\t\t\t\t\t\t\t\t\t<p>O su tais vinimis irgi \u012fdomu&#8230; Juk jie irgi turi savo formas, dyd\u017eius, paskirtis. \u010cia, \u017ei\u016br\u0117k, i\u0161 po \u017eem\u0117s i\u0161lenda kaltinis, \u010dia sovietinis ir netoliese m\u0117tosi arklio pasagoms tvirtinti skirti. Ir kuo ne atradimas?<\/p><p>Visi radiniai padeda sud\u0117lioti vietov\u0117s, kurioje keliauji, istorijos d\u0117lion\u0119. Juk retai kuris tikrai pasidomite savo aplinka (ypa\u010d \u0161iandien, skuban\u010diame, nuolat nesikei\u010dian\u010diame, technologij\u0173 perpildytame pasaulyje. Sakoma, kad informacija aktuali vos kelias minutes, t.y. tol kol &#8220;scroll&#8217;ini&#8221; \u017eemyn).<\/p><p>\u010cia dabar viskas apaug\u0119, u\u017e\u017e\u0117l\u0119, o anks\u010diau buvo kelias, stov\u0117jo namai, gyveno \u017emon\u0117s. Ka\u017ekoks veik\u0117jas pamet\u0117 pinig\u0117l\u012f (grei\u010diausiai v\u0117liau gavo velni\u0173 i\u0161 savo antrosios pus\u0117s), o arkliukas susi\u017eeid\u0117 koj\u0105, nes vinis i\u0161krito i\u0161 pasagos.<\/p><p>Visos istorijos vertos papasakoti, o kritikai (niurzgos ir pikt\u016bnai) &#8211; atsipalaiduokite.<\/p>\t\t\t\t\t\t\t\t<\/div>\n\t\t\t\t<\/div>\n\t\t\t\t<div class=\"elementor-element elementor-element-969e910 elementor-widget elementor-widget-image-gallery\" data-id=\"969e910\" data-element_type=\"widget\" data-e-type=\"widget\" data-widget_type=\"image-gallery.default\">\n\t\t\t\t<div class=\"elementor-widget-container\">\n\t\t\t\t\t\t\t<div class=\"elementor-image-gallery\">\n\t\t\t<div id='gallery-1' class='gallery galleryid-704 gallery-columns-3 gallery-size-large'><figure class='gallery-item'>\n\t\t\t<div class='gallery-icon landscape'>\n\t\t\t\t<a data-elementor-open-lightbox=\"yes\" data-elementor-lightbox-slideshow=\"969e910\" data-elementor-lightbox-title=\"IMG_20200730_212147\" data-e-action-hash=\"#elementor-action%3Aaction%3Dlightbox%26settings%3DeyJpZCI6NzA5LCJ1cmwiOiJodHRwczpcL1wvbWlzaWphLXN2YWpvbmVzLmx0XC93cC1jb250ZW50XC91cGxvYWRzXC8yMDIwXC8wOFwvSU1HXzIwMjAwNzMwXzIxMjE0Ny1zY2FsZWQuanBnIiwic2xpZGVzaG93IjoiOTY5ZTkxMCJ9\" href='https:\/\/misija-svajones.lt\/wp-content\/uploads\/2020\/08\/IMG_20200730_212147-scaled.jpg'><img fetchpriority=\"high\" decoding=\"async\" width=\"1024\" height=\"768\" src=\"https:\/\/misija-svajones.lt\/wp-content\/uploads\/2020\/08\/IMG_20200730_212147-1024x768.jpg\" class=\"attachment-large size-large\" alt=\"\" srcset=\"https:\/\/misija-svajones.lt\/wp-content\/uploads\/2020\/08\/IMG_20200730_212147-1024x768.jpg 1024w, https:\/\/misija-svajones.lt\/wp-content\/uploads\/2020\/08\/IMG_20200730_212147-300x225.jpg 300w, https:\/\/misija-svajones.lt\/wp-content\/uploads\/2020\/08\/IMG_20200730_212147-768x576.jpg 768w, https:\/\/misija-svajones.lt\/wp-content\/uploads\/2020\/08\/IMG_20200730_212147-1536x1152.jpg 1536w, https:\/\/misija-svajones.lt\/wp-content\/uploads\/2020\/08\/IMG_20200730_212147-2048x1536.jpg 2048w\" sizes=\"(max-width: 1024px) 100vw, 1024px\" \/><\/a>\n\t\t\t<\/div><\/figure><figure class='gallery-item'>\n\t\t\t<div class='gallery-icon landscape'>\n\t\t\t\t<a data-elementor-open-lightbox=\"yes\" data-elementor-lightbox-slideshow=\"969e910\" data-elementor-lightbox-title=\"IMG_20200730_212154\" data-e-action-hash=\"#elementor-action%3Aaction%3Dlightbox%26settings%3DeyJpZCI6NzEwLCJ1cmwiOiJodHRwczpcL1wvbWlzaWphLXN2YWpvbmVzLmx0XC93cC1jb250ZW50XC91cGxvYWRzXC8yMDIwXC8wOFwvSU1HXzIwMjAwNzMwXzIxMjE1NC1zY2FsZWQuanBnIiwic2xpZGVzaG93IjoiOTY5ZTkxMCJ9\" href='https:\/\/misija-svajones.lt\/wp-content\/uploads\/2020\/08\/IMG_20200730_212154-scaled.jpg'><img decoding=\"async\" width=\"1024\" height=\"768\" src=\"https:\/\/misija-svajones.lt\/wp-content\/uploads\/2020\/08\/IMG_20200730_212154-1024x768.jpg\" class=\"attachment-large size-large\" alt=\"\" srcset=\"https:\/\/misija-svajones.lt\/wp-content\/uploads\/2020\/08\/IMG_20200730_212154-1024x768.jpg 1024w, https:\/\/misija-svajones.lt\/wp-content\/uploads\/2020\/08\/IMG_20200730_212154-300x225.jpg 300w, https:\/\/misija-svajones.lt\/wp-content\/uploads\/2020\/08\/IMG_20200730_212154-768x576.jpg 768w, https:\/\/misija-svajones.lt\/wp-content\/uploads\/2020\/08\/IMG_20200730_212154-1536x1152.jpg 1536w, https:\/\/misija-svajones.lt\/wp-content\/uploads\/2020\/08\/IMG_20200730_212154-2048x1536.jpg 2048w\" sizes=\"(max-width: 1024px) 100vw, 1024px\" \/><\/a>\n\t\t\t<\/div><\/figure><figure class='gallery-item'>\n\t\t\t<div class='gallery-icon landscape'>\n\t\t\t\t<a data-elementor-open-lightbox=\"yes\" data-elementor-lightbox-slideshow=\"969e910\" data-elementor-lightbox-title=\"IMG_20200730_212247\" data-e-action-hash=\"#elementor-action%3Aaction%3Dlightbox%26settings%3DeyJpZCI6NzExLCJ1cmwiOiJodHRwczpcL1wvbWlzaWphLXN2YWpvbmVzLmx0XC93cC1jb250ZW50XC91cGxvYWRzXC8yMDIwXC8wOFwvSU1HXzIwMjAwNzMwXzIxMjI0Ny1zY2FsZWQuanBnIiwic2xpZGVzaG93IjoiOTY5ZTkxMCJ9\" href='https:\/\/misija-svajones.lt\/wp-content\/uploads\/2020\/08\/IMG_20200730_212247-scaled.jpg'><img decoding=\"async\" width=\"1024\" height=\"768\" src=\"https:\/\/misija-svajones.lt\/wp-content\/uploads\/2020\/08\/IMG_20200730_212247-1024x768.jpg\" class=\"attachment-large size-large\" alt=\"\" srcset=\"https:\/\/misija-svajones.lt\/wp-content\/uploads\/2020\/08\/IMG_20200730_212247-1024x768.jpg 1024w, https:\/\/misija-svajones.lt\/wp-content\/uploads\/2020\/08\/IMG_20200730_212247-300x225.jpg 300w, https:\/\/misija-svajones.lt\/wp-content\/uploads\/2020\/08\/IMG_20200730_212247-768x576.jpg 768w, https:\/\/misija-svajones.lt\/wp-content\/uploads\/2020\/08\/IMG_20200730_212247-1536x1152.jpg 1536w, https:\/\/misija-svajones.lt\/wp-content\/uploads\/2020\/08\/IMG_20200730_212247-2048x1536.jpg 2048w\" sizes=\"(max-width: 1024px) 100vw, 1024px\" \/><\/a>\n\t\t\t<\/div><\/figure><figure class='gallery-item'>\n\t\t\t<div class='gallery-icon landscape'>\n\t\t\t\t<a data-elementor-open-lightbox=\"yes\" data-elementor-lightbox-slideshow=\"969e910\" data-elementor-lightbox-title=\"IMG_20200731_202949\" data-e-action-hash=\"#elementor-action%3Aaction%3Dlightbox%26settings%3DeyJpZCI6NzEyLCJ1cmwiOiJodHRwczpcL1wvbWlzaWphLXN2YWpvbmVzLmx0XC93cC1jb250ZW50XC91cGxvYWRzXC8yMDIwXC8wOFwvSU1HXzIwMjAwNzMxXzIwMjk0OS1zY2FsZWQuanBnIiwic2xpZGVzaG93IjoiOTY5ZTkxMCJ9\" href='https:\/\/misija-svajones.lt\/wp-content\/uploads\/2020\/08\/IMG_20200731_202949-scaled.jpg'><img loading=\"lazy\" decoding=\"async\" width=\"1024\" height=\"768\" src=\"https:\/\/misija-svajones.lt\/wp-content\/uploads\/2020\/08\/IMG_20200731_202949-1024x768.jpg\" class=\"attachment-large size-large\" alt=\"\" srcset=\"https:\/\/misija-svajones.lt\/wp-content\/uploads\/2020\/08\/IMG_20200731_202949-1024x768.jpg 1024w, https:\/\/misija-svajones.lt\/wp-content\/uploads\/2020\/08\/IMG_20200731_202949-300x225.jpg 300w, https:\/\/misija-svajones.lt\/wp-content\/uploads\/2020\/08\/IMG_20200731_202949-768x576.jpg 768w, https:\/\/misija-svajones.lt\/wp-content\/uploads\/2020\/08\/IMG_20200731_202949-1536x1152.jpg 1536w, https:\/\/misija-svajones.lt\/wp-content\/uploads\/2020\/08\/IMG_20200731_202949-2048x1536.jpg 2048w\" sizes=\"(max-width: 1024px) 100vw, 1024px\" \/><\/a>\n\t\t\t<\/div><\/figure><figure class='gallery-item'>\n\t\t\t<div class='gallery-icon landscape'>\n\t\t\t\t<a data-elementor-open-lightbox=\"yes\" data-elementor-lightbox-slideshow=\"969e910\" data-elementor-lightbox-title=\"IMG_20200731_203849\" data-e-action-hash=\"#elementor-action%3Aaction%3Dlightbox%26settings%3DeyJpZCI6NzEzLCJ1cmwiOiJodHRwczpcL1wvbWlzaWphLXN2YWpvbmVzLmx0XC93cC1jb250ZW50XC91cGxvYWRzXC8yMDIwXC8wOFwvSU1HXzIwMjAwNzMxXzIwMzg0OS5qcGciLCJzbGlkZXNob3ciOiI5NjllOTEwIn0%3D\" href='https:\/\/misija-svajones.lt\/wp-content\/uploads\/2020\/08\/IMG_20200731_203849.jpg'><img loading=\"lazy\" decoding=\"async\" width=\"1024\" height=\"768\" src=\"https:\/\/misija-svajones.lt\/wp-content\/uploads\/2020\/08\/IMG_20200731_203849-1024x768.jpg\" class=\"attachment-large size-large\" alt=\"\" srcset=\"https:\/\/misija-svajones.lt\/wp-content\/uploads\/2020\/08\/IMG_20200731_203849-1024x768.jpg 1024w, https:\/\/misija-svajones.lt\/wp-content\/uploads\/2020\/08\/IMG_20200731_203849-300x225.jpg 300w, https:\/\/misija-svajones.lt\/wp-content\/uploads\/2020\/08\/IMG_20200731_203849-768x576.jpg 768w, https:\/\/misija-svajones.lt\/wp-content\/uploads\/2020\/08\/IMG_20200731_203849-1536x1152.jpg 1536w, https:\/\/misija-svajones.lt\/wp-content\/uploads\/2020\/08\/IMG_20200731_203849-2048x1536.jpg 2048w\" sizes=\"(max-width: 1024px) 100vw, 1024px\" \/><\/a>\n\t\t\t<\/div><\/figure><figure class='gallery-item'>\n\t\t\t<div class='gallery-icon landscape'>\n\t\t\t\t<a data-elementor-open-lightbox=\"yes\" data-elementor-lightbox-slideshow=\"969e910\" data-elementor-lightbox-title=\"IMG_20200730_212235\" data-e-action-hash=\"#elementor-action%3Aaction%3Dlightbox%26settings%3DeyJpZCI6NzA1LCJ1cmwiOiJodHRwczpcL1wvbWlzaWphLXN2YWpvbmVzLmx0XC93cC1jb250ZW50XC91cGxvYWRzXC8yMDIwXC8wOFwvSU1HXzIwMjAwNzMwXzIxMjIzNS1zY2FsZWQuanBnIiwic2xpZGVzaG93IjoiOTY5ZTkxMCJ9\" href='https:\/\/misija-svajones.lt\/wp-content\/uploads\/2020\/08\/IMG_20200730_212235-scaled.jpg'><img loading=\"lazy\" decoding=\"async\" width=\"1024\" height=\"768\" src=\"https:\/\/misija-svajones.lt\/wp-content\/uploads\/2020\/08\/IMG_20200730_212235-1024x768.jpg\" class=\"attachment-large size-large\" alt=\"\" srcset=\"https:\/\/misija-svajones.lt\/wp-content\/uploads\/2020\/08\/IMG_20200730_212235-1024x768.jpg 1024w, https:\/\/misija-svajones.lt\/wp-content\/uploads\/2020\/08\/IMG_20200730_212235-300x225.jpg 300w, https:\/\/misija-svajones.lt\/wp-content\/uploads\/2020\/08\/IMG_20200730_212235-768x576.jpg 768w, https:\/\/misija-svajones.lt\/wp-content\/uploads\/2020\/08\/IMG_20200730_212235-1536x1152.jpg 1536w, https:\/\/misija-svajones.lt\/wp-content\/uploads\/2020\/08\/IMG_20200730_212235-2048x1536.jpg 2048w\" sizes=\"(max-width: 1024px) 100vw, 1024px\" \/><\/a>\n\t\t\t<\/div><\/figure>\n\t\t<\/div>\n\t\t<\/div>\n\t\t\t\t\t\t<\/div>\n\t\t\t\t<\/div>\n\t\t\t\t\t<\/div>\n\t\t<\/div>\n\t\t\t\t\t<\/div>\n\t\t<\/section>\n\t\t\t\t<\/div>\n\t\t","protected":false},"excerpt":{"rendered":"<p>arba kaip mes metalo lau\u017e\u0105 rinkome Litas Labai da\u017enai, kai u\u017esiimi kokiu nors hobiu, \u017emon\u0117s keistai \u012f tave \u017ei\u016bri ir sako &#8220;u\u017esiimk normalia veikla&#8221;. O kas yra &#8220;normalu&#8221;? Dirbti? Ils\u0117tis? Dirbti? O gal visos veiklos turi b\u016bti matuojamos pinigine naudos i\u0161rai\u0161ka? &#8220;Like&#8221; skai\u010diumi socialiniuose tinkluose? Sek\u0117j\u0173 gausa? XXI a. &#8220;normalumo&#8221; suvokimas tapo labai diskutuotinas dalykas. [&hellip;]<\/p>\n","protected":false},"author":1,"featured_media":705,"parent":372,"menu_order":0,"comment_status":"closed","ping_status":"closed","template":"","meta":{"site-sidebar-layout":"no-sidebar","site-content-layout":"page-builder","ast-site-content-layout":"default","site-content-style":"default","site-sidebar-style":"default","ast-global-header-display":"","ast-banner-title-visibility":"","ast-main-header-display":"","ast-hfb-above-header-display":"","ast-hfb-below-header-display":"","ast-hfb-mobile-header-display":"","site-post-title":"disabled","ast-breadcrumbs-content":"","ast-featured-img":"disabled","footer-sml-layout":"","ast-disable-related-posts":"","theme-transparent-header-meta":"default","adv-header-id-meta":"","stick-header-meta":"","header-above-stick-meta":"","header-main-stick-meta":"","header-below-stick-meta":"","astra-migrate-meta-layouts":"default","ast-page-background-enabled":"default","ast-page-background-meta":{"desktop":{"background-color":"var(--ast-global-color-4)","background-image":"","background-repeat":"repeat","background-position":"center center","background-size":"auto","background-attachment":"scroll","background-type":"","background-media":"","overlay-type":"","overlay-color":"","overlay-opacity":"","overlay-gradient":""},"tablet":{"background-color":"","background-image":"","background-repeat":"repeat","background-position":"center center","background-size":"auto","background-attachment":"scroll","background-type":"","background-media":"","overlay-type":"","overlay-color":"","overlay-opacity":"","overlay-gradient":""},"mobile":{"background-color":"","background-image":"","background-repeat":"repeat","background-position":"center center","background-size":"auto","background-attachment":"scroll","background-type":"","background-media":"","overlay-type":"","overlay-color":"","overlay-opacity":"","overlay-gradient":""}},"ast-content-background-meta":{"desktop":{"background-color":"var(--ast-global-color-5)","background-image":"","background-repeat":"repeat","background-position":"center center","background-size":"auto","background-attachment":"scroll","background-type":"","background-media":"","overlay-type":"","overlay-color":"","overlay-opacity":"","overlay-gradient":""},"tablet":{"background-color":"var(--ast-global-color-5)","background-image":"","background-repeat":"repeat","background-position":"center center","background-size":"auto","background-attachment":"scroll","background-type":"","background-media":"","overlay-type":"","overlay-color":"","overlay-opacity":"","overlay-gradient":""},"mobile":{"background-color":"var(--ast-global-color-5)","background-image":"","background-repeat":"repeat","background-position":"center center","background-size":"auto","background-attachment":"scroll","background-type":"","background-media":"","overlay-type":"","overlay-color":"","overlay-opacity":"","overlay-gradient":""}},"footnotes":""},"class_list":["post-704","page","type-page","status-publish","has-post-thumbnail","hentry"],"_links":{"self":[{"href":"https:\/\/misija-svajones.lt\/index.php\/wp-json\/wp\/v2\/pages\/704","targetHints":{"allow":["GET"]}}],"collection":[{"href":"https:\/\/misija-svajones.lt\/index.php\/wp-json\/wp\/v2\/pages"}],"about":[{"href":"https:\/\/misija-svajones.lt\/index.php\/wp-json\/wp\/v2\/types\/page"}],"author":[{"embeddable":true,"href":"https:\/\/misija-svajones.lt\/index.php\/wp-json\/wp\/v2\/users\/1"}],"replies":[{"embeddable":true,"href":"https:\/\/misija-svajones.lt\/index.php\/wp-json\/wp\/v2\/comments?post=704"}],"version-history":[{"count":6,"href":"https:\/\/misija-svajones.lt\/index.php\/wp-json\/wp\/v2\/pages\/704\/revisions"}],"predecessor-version":[{"id":719,"href":"https:\/\/misija-svajones.lt\/index.php\/wp-json\/wp\/v2\/pages\/704\/revisions\/719"}],"up":[{"embeddable":true,"href":"https:\/\/misija-svajones.lt\/index.php\/wp-json\/wp\/v2\/pages\/372"}],"wp:featuredmedia":[{"embeddable":true,"href":"https:\/\/misija-svajones.lt\/index.php\/wp-json\/wp\/v2\/media\/705"}],"wp:attachment":[{"href":"https:\/\/misija-svajones.lt\/index.php\/wp-json\/wp\/v2\/media?parent=704"}],"curies":[{"name":"wp","href":"https:\/\/api.w.org\/{rel}","templated":true}]}}