{"id":558,"date":"2020-07-21T06:42:13","date_gmt":"2020-07-21T06:42:13","guid":{"rendered":"http:\/\/misija-svajones.lt\/?page_id=558"},"modified":"2020-07-21T07:27:00","modified_gmt":"2020-07-21T07:27:00","slug":"namas","status":"publish","type":"page","link":"https:\/\/misija-svajones.lt\/index.php\/veiklos\/detektoriai\/namas\/","title":{"rendered":"Namas"},"content":{"rendered":"\t\t<div data-elementor-type=\"wp-page\" data-elementor-id=\"558\" class=\"elementor elementor-558\">\n\t\t\t\t\t\t<section class=\"has_eae_slider elementor-section elementor-top-section elementor-element elementor-element-5f65aa4 elementor-section-full_width elementor-section-content-bottom elementor-section-height-default elementor-section-height-default\" data-eae-slider=\"45583\" data-id=\"5f65aa4\" data-element_type=\"section\" data-e-type=\"section\" data-settings=\"{&quot;background_background&quot;:&quot;classic&quot;}\">\n\t\t\t\t\t\t\t<div class=\"elementor-background-overlay\"><\/div>\n\t\t\t\t\t\t\t<div class=\"elementor-container elementor-column-gap-no\">\n\t\t\t\t\t<div class=\"has_eae_slider elementor-column elementor-col-100 elementor-top-column elementor-element elementor-element-92ee19f\" data-eae-slider=\"70494\" data-id=\"92ee19f\" data-element_type=\"column\" data-e-type=\"column\">\n\t\t\t<div class=\"elementor-widget-wrap elementor-element-populated\">\n\t\t\t\t\t\t<div class=\"elementor-element elementor-element-5a9da7c elementor-widget elementor-widget-heading\" data-id=\"5a9da7c\" data-element_type=\"widget\" data-e-type=\"widget\" data-widget_type=\"heading.default\">\n\t\t\t\t<div class=\"elementor-widget-container\">\n\t\t\t\t\t<h5 class=\"elementor-heading-title elementor-size-default\">Kas namelyje gyvena?<\/h5>\t\t\t\t<\/div>\n\t\t\t\t<\/div>\n\t\t\t\t<div class=\"elementor-element elementor-element-c920c2d elementor-widget elementor-widget-heading\" data-id=\"c920c2d\" data-element_type=\"widget\" data-e-type=\"widget\" data-widget_type=\"heading.default\">\n\t\t\t\t<div class=\"elementor-widget-container\">\n\t\t\t\t\t<h1 class=\"elementor-heading-title elementor-size-default\">Senos sodybos paie\u0161kos<\/h1>\t\t\t\t<\/div>\n\t\t\t\t<\/div>\n\t\t\t\t\t<\/div>\n\t\t<\/div>\n\t\t\t\t\t<\/div>\n\t\t<\/section>\n\t\t\t\t<section class=\"has_eae_slider elementor-section elementor-top-section elementor-element elementor-element-1b20188 elementor-section-boxed elementor-section-height-default elementor-section-height-default\" data-eae-slider=\"18632\" data-id=\"1b20188\" data-element_type=\"section\" data-e-type=\"section\">\n\t\t\t\t\t\t<div class=\"elementor-container elementor-column-gap-default\">\n\t\t\t\t\t<div class=\"has_eae_slider elementor-column elementor-col-100 elementor-top-column elementor-element elementor-element-a6975c3\" data-eae-slider=\"26017\" data-id=\"a6975c3\" data-element_type=\"column\" data-e-type=\"column\">\n\t\t\t<div class=\"elementor-widget-wrap elementor-element-populated\">\n\t\t\t\t\t\t<div class=\"elementor-element elementor-element-69be3a5 elementor-widget elementor-widget-text-editor\" data-id=\"69be3a5\" data-element_type=\"widget\" data-e-type=\"widget\" data-widget_type=\"text-editor.default\">\n\t\t\t\t<div class=\"elementor-widget-container\">\n\t\t\t\t\t\t\t\t\t<p>Kai buvome vaikai, seneliai pasakojo, kad \u0161alimais buvo senas namas, kur\u012f v\u0117liau pama\u017eu nugriov\u0117 ir stat\u0117 nauj\u0105j\u012f. Kada tiksliai buvo pastatytas &#8211; tiksliai niekas negal\u0117jo atsakyti, ta\u010diau many\u010diau apie XIX a. vidur\u012f, gal kiek anks\u010diau.<\/p><p>Anks\u010diau (ne\u017einau, kiek dabar paplitusi \u0161i tradicija) \u017emon\u0117s statydami namus pam\u016br\u0117je (kampe, ant kertinio akmens ir pan.) arba tarp pirm\u0173j\u0173 r\u0105st\u0173 pad\u0117davo monet\u0173 ar\/ir kry\u017eel\u012f. Buvo tikima, kad statinys bus apsaugotas, ilgai stov\u0117s ir \u0161eima bus laiminga&#8230; Pasakojim\u0173 yra tikrai \u012fvairi\u0173, ta\u010diau beveik visi senieji namai slepia toki\u0105 ma\u017eyt\u0119 paslapt\u012f.\u00a0 Tod\u0117l da\u017enas metalo detektoriaus valdytojas pasivaik\u0161to aplink senas sodybas&#8230;<\/p><p>Dar pernai buvo kilusi mintis i\u0161kasti vien\u0105 didel\u012f akmen\u012f kiemo vidury (trukd\u0117 \u017eoliapjovei), o \u010dia dar detektoriaus signalas \u017eavingai prakalba. Na, k\u0105 gi&#8230; Kasybos darbai \u012f priek\u012f&#8230;<\/p>\t\t\t\t\t\t\t\t<\/div>\n\t\t\t\t<\/div>\n\t\t\t\t<div class=\"elementor-element elementor-element-5b229b8 elementor-widget elementor-widget-image-gallery\" data-id=\"5b229b8\" data-element_type=\"widget\" data-e-type=\"widget\" data-widget_type=\"image-gallery.default\">\n\t\t\t\t<div class=\"elementor-widget-container\">\n\t\t\t\t\t\t\t<div class=\"elementor-image-gallery\">\n\t\t\t<div id='gallery-1' class='gallery galleryid-558 gallery-columns-3 gallery-size-large'><figure class='gallery-item'>\n\t\t\t<div class='gallery-icon landscape'>\n\t\t\t\t<a data-elementor-open-lightbox=\"yes\" data-elementor-lightbox-slideshow=\"5b229b8\" data-elementor-lightbox-title=\"IMG_20200703_204451\" data-e-action-hash=\"#elementor-action%3Aaction%3Dlightbox%26settings%3DeyJpZCI6NTYxLCJ1cmwiOiJodHRwczpcL1wvbWlzaWphLXN2YWpvbmVzLmx0XC93cC1jb250ZW50XC91cGxvYWRzXC8yMDIwXC8wN1wvSU1HXzIwMjAwNzAzXzIwNDQ1MS0xLXNjYWxlZC5qcGciLCJzbGlkZXNob3ciOiI1YjIyOWI4In0%3D\" href='https:\/\/misija-svajones.lt\/wp-content\/uploads\/2020\/07\/IMG_20200703_204451-1-scaled.jpg'><img fetchpriority=\"high\" decoding=\"async\" width=\"1024\" height=\"768\" src=\"https:\/\/misija-svajones.lt\/wp-content\/uploads\/2020\/07\/IMG_20200703_204451-1-1024x768.jpg\" class=\"attachment-large size-large\" alt=\"\" srcset=\"https:\/\/misija-svajones.lt\/wp-content\/uploads\/2020\/07\/IMG_20200703_204451-1-1024x768.jpg 1024w, https:\/\/misija-svajones.lt\/wp-content\/uploads\/2020\/07\/IMG_20200703_204451-1-300x225.jpg 300w, https:\/\/misija-svajones.lt\/wp-content\/uploads\/2020\/07\/IMG_20200703_204451-1-768x576.jpg 768w, https:\/\/misija-svajones.lt\/wp-content\/uploads\/2020\/07\/IMG_20200703_204451-1-1536x1152.jpg 1536w, https:\/\/misija-svajones.lt\/wp-content\/uploads\/2020\/07\/IMG_20200703_204451-1-2048x1536.jpg 2048w\" sizes=\"(max-width: 1024px) 100vw, 1024px\" \/><\/a>\n\t\t\t<\/div><\/figure><figure class='gallery-item'>\n\t\t\t<div class='gallery-icon landscape'>\n\t\t\t\t<a data-elementor-open-lightbox=\"yes\" data-elementor-lightbox-slideshow=\"5b229b8\" data-elementor-lightbox-title=\"IMG_20200703_204457\" data-e-action-hash=\"#elementor-action%3Aaction%3Dlightbox%26settings%3DeyJpZCI6NTYyLCJ1cmwiOiJodHRwczpcL1wvbWlzaWphLXN2YWpvbmVzLmx0XC93cC1jb250ZW50XC91cGxvYWRzXC8yMDIwXC8wN1wvSU1HXzIwMjAwNzAzXzIwNDQ1Ny1zY2FsZWQuanBnIiwic2xpZGVzaG93IjoiNWIyMjliOCJ9\" href='https:\/\/misija-svajones.lt\/wp-content\/uploads\/2020\/07\/IMG_20200703_204457-scaled.jpg'><img decoding=\"async\" width=\"1024\" height=\"768\" src=\"https:\/\/misija-svajones.lt\/wp-content\/uploads\/2020\/07\/IMG_20200703_204457-1024x768.jpg\" class=\"attachment-large size-large\" alt=\"\" srcset=\"https:\/\/misija-svajones.lt\/wp-content\/uploads\/2020\/07\/IMG_20200703_204457-1024x768.jpg 1024w, https:\/\/misija-svajones.lt\/wp-content\/uploads\/2020\/07\/IMG_20200703_204457-300x225.jpg 300w, https:\/\/misija-svajones.lt\/wp-content\/uploads\/2020\/07\/IMG_20200703_204457-768x576.jpg 768w, https:\/\/misija-svajones.lt\/wp-content\/uploads\/2020\/07\/IMG_20200703_204457-1536x1152.jpg 1536w, https:\/\/misija-svajones.lt\/wp-content\/uploads\/2020\/07\/IMG_20200703_204457-2048x1536.jpg 2048w\" sizes=\"(max-width: 1024px) 100vw, 1024px\" \/><\/a>\n\t\t\t<\/div><\/figure><figure class='gallery-item'>\n\t\t\t<div class='gallery-icon landscape'>\n\t\t\t\t<a data-elementor-open-lightbox=\"yes\" data-elementor-lightbox-slideshow=\"5b229b8\" data-elementor-lightbox-title=\"IMG_20200703_210408\" data-e-action-hash=\"#elementor-action%3Aaction%3Dlightbox%26settings%3DeyJpZCI6NTU5LCJ1cmwiOiJodHRwczpcL1wvbWlzaWphLXN2YWpvbmVzLmx0XC93cC1jb250ZW50XC91cGxvYWRzXC8yMDIwXC8wN1wvSU1HXzIwMjAwNzAzXzIxMDQwOC0xLXNjYWxlZC5qcGciLCJzbGlkZXNob3ciOiI1YjIyOWI4In0%3D\" href='https:\/\/misija-svajones.lt\/wp-content\/uploads\/2020\/07\/IMG_20200703_210408-1-scaled.jpg'><img decoding=\"async\" width=\"1024\" height=\"768\" src=\"https:\/\/misija-svajones.lt\/wp-content\/uploads\/2020\/07\/IMG_20200703_210408-1-1024x768.jpg\" class=\"attachment-large size-large\" alt=\"\" srcset=\"https:\/\/misija-svajones.lt\/wp-content\/uploads\/2020\/07\/IMG_20200703_210408-1-1024x768.jpg 1024w, https:\/\/misija-svajones.lt\/wp-content\/uploads\/2020\/07\/IMG_20200703_210408-1-300x225.jpg 300w, https:\/\/misija-svajones.lt\/wp-content\/uploads\/2020\/07\/IMG_20200703_210408-1-768x576.jpg 768w, https:\/\/misija-svajones.lt\/wp-content\/uploads\/2020\/07\/IMG_20200703_210408-1-1536x1152.jpg 1536w, https:\/\/misija-svajones.lt\/wp-content\/uploads\/2020\/07\/IMG_20200703_210408-1-2048x1536.jpg 2048w\" sizes=\"(max-width: 1024px) 100vw, 1024px\" \/><\/a>\n\t\t\t<\/div><\/figure>\n\t\t<\/div>\n\t\t<\/div>\n\t\t\t\t\t\t<\/div>\n\t\t\t\t<\/div>\n\t\t\t\t<div class=\"elementor-element elementor-element-9949778 elementor-widget elementor-widget-text-editor\" data-id=\"9949778\" data-element_type=\"widget\" data-e-type=\"widget\" data-widget_type=\"text-editor.default\">\n\t\t\t\t<div class=\"elementor-widget-container\">\n\t\t\t\t\t\t\t\t\t<p>Pora vini\u0173, gabalas apdegusio metalo ir plyt\u0173 liku\u010diai&#8230; Tokie pirmi radiniai visai nek\u0117l\u0117 \u016bpo, ta\u010diau signalas vis stipr\u0117jo ir rod\u0117, kad giliau galimai yra brangusis metalas. \u0116m\u0117me svajoti apie monetas, bet kuo toliau raus\u0117m\u0117s, tuo ai\u0161kiau dar\u0117si, kad teks i\u0161imti visus gra\u017eiai sud\u0117tus akmenis.<\/p><p>&#8211; \u010cia tur\u0117jo b\u016bti pe\u010dius, tod\u0117l ir apdeg\u0119. <\/p><p>&#8211; Matyt.<\/p><p>&#8211; Bet jei \u010dia pe\u010dius, tai abejoju, kad \u010dia namo kampas&#8230; Jei ne kampas, tai nebus monet\u0173&#8230; <\/p><p>&#8211; Nei\u0161kasi, ne\u017einosi, &#8211; pyko m\u016bs\u0173 kas\u0117jas.<\/p><p>Deja mus u\u017eklupo tamsa ir teko darbus perkelti \u012f kit\u0105 dien\u0105. Nors duob\u0117 vis gil\u0117jo, signalas ai\u0161k\u0117jo, ta\u010diau akmuo nepasidav\u0117 ir buvo nuspr\u0119sta, kad reikia j\u012f i\u0161kelti.<\/p>\t\t\t\t\t\t\t\t<\/div>\n\t\t\t\t<\/div>\n\t\t\t\t<div class=\"elementor-element elementor-element-61fc1c5 elementor-widget elementor-widget-image-gallery\" data-id=\"61fc1c5\" data-element_type=\"widget\" data-e-type=\"widget\" data-widget_type=\"image-gallery.default\">\n\t\t\t\t<div class=\"elementor-widget-container\">\n\t\t\t\t\t\t\t<div class=\"elementor-image-gallery\">\n\t\t\t<div id='gallery-2' class='gallery galleryid-558 gallery-columns-3 gallery-size-large'><figure class='gallery-item'>\n\t\t\t<div class='gallery-icon landscape'>\n\t\t\t\t<a data-elementor-open-lightbox=\"yes\" data-elementor-lightbox-slideshow=\"61fc1c5\" data-elementor-lightbox-title=\"IMG_20200703_212557\" data-e-action-hash=\"#elementor-action%3Aaction%3Dlightbox%26settings%3DeyJpZCI6NTY0LCJ1cmwiOiJodHRwczpcL1wvbWlzaWphLXN2YWpvbmVzLmx0XC93cC1jb250ZW50XC91cGxvYWRzXC8yMDIwXC8wN1wvSU1HXzIwMjAwNzAzXzIxMjU1Ny0xLXNjYWxlZC5qcGciLCJzbGlkZXNob3ciOiI2MWZjMWM1In0%3D\" href='https:\/\/misija-svajones.lt\/wp-content\/uploads\/2020\/07\/IMG_20200703_212557-1-scaled.jpg'><img loading=\"lazy\" decoding=\"async\" width=\"1024\" height=\"768\" src=\"https:\/\/misija-svajones.lt\/wp-content\/uploads\/2020\/07\/IMG_20200703_212557-1-1024x768.jpg\" class=\"attachment-large size-large\" alt=\"\" srcset=\"https:\/\/misija-svajones.lt\/wp-content\/uploads\/2020\/07\/IMG_20200703_212557-1-1024x768.jpg 1024w, https:\/\/misija-svajones.lt\/wp-content\/uploads\/2020\/07\/IMG_20200703_212557-1-300x225.jpg 300w, https:\/\/misija-svajones.lt\/wp-content\/uploads\/2020\/07\/IMG_20200703_212557-1-768x576.jpg 768w, https:\/\/misija-svajones.lt\/wp-content\/uploads\/2020\/07\/IMG_20200703_212557-1-1536x1152.jpg 1536w, https:\/\/misija-svajones.lt\/wp-content\/uploads\/2020\/07\/IMG_20200703_212557-1-2048x1536.jpg 2048w\" sizes=\"(max-width: 1024px) 100vw, 1024px\" \/><\/a>\n\t\t\t<\/div><\/figure><figure class='gallery-item'>\n\t\t\t<div class='gallery-icon landscape'>\n\t\t\t\t<a data-elementor-open-lightbox=\"yes\" data-elementor-lightbox-slideshow=\"61fc1c5\" data-elementor-lightbox-title=\"IMG_20200704_095833\" data-e-action-hash=\"#elementor-action%3Aaction%3Dlightbox%26settings%3DeyJpZCI6NTY1LCJ1cmwiOiJodHRwczpcL1wvbWlzaWphLXN2YWpvbmVzLmx0XC93cC1jb250ZW50XC91cGxvYWRzXC8yMDIwXC8wN1wvSU1HXzIwMjAwNzA0XzA5NTgzMy1zY2FsZWQuanBnIiwic2xpZGVzaG93IjoiNjFmYzFjNSJ9\" href='https:\/\/misija-svajones.lt\/wp-content\/uploads\/2020\/07\/IMG_20200704_095833-scaled.jpg'><img loading=\"lazy\" decoding=\"async\" width=\"1024\" height=\"768\" src=\"https:\/\/misija-svajones.lt\/wp-content\/uploads\/2020\/07\/IMG_20200704_095833-1024x768.jpg\" class=\"attachment-large size-large\" alt=\"\" srcset=\"https:\/\/misija-svajones.lt\/wp-content\/uploads\/2020\/07\/IMG_20200704_095833-1024x768.jpg 1024w, https:\/\/misija-svajones.lt\/wp-content\/uploads\/2020\/07\/IMG_20200704_095833-300x225.jpg 300w, https:\/\/misija-svajones.lt\/wp-content\/uploads\/2020\/07\/IMG_20200704_095833-768x576.jpg 768w, https:\/\/misija-svajones.lt\/wp-content\/uploads\/2020\/07\/IMG_20200704_095833-1536x1152.jpg 1536w, https:\/\/misija-svajones.lt\/wp-content\/uploads\/2020\/07\/IMG_20200704_095833-2048x1536.jpg 2048w\" sizes=\"(max-width: 1024px) 100vw, 1024px\" \/><\/a>\n\t\t\t<\/div><\/figure><figure class='gallery-item'>\n\t\t\t<div class='gallery-icon landscape'>\n\t\t\t\t<a data-elementor-open-lightbox=\"yes\" data-elementor-lightbox-slideshow=\"61fc1c5\" data-elementor-lightbox-title=\"IMG_20200704_101250\" data-e-action-hash=\"#elementor-action%3Aaction%3Dlightbox%26settings%3DeyJpZCI6NTY2LCJ1cmwiOiJodHRwczpcL1wvbWlzaWphLXN2YWpvbmVzLmx0XC93cC1jb250ZW50XC91cGxvYWRzXC8yMDIwXC8wN1wvSU1HXzIwMjAwNzA0XzEwMTI1MC0xLXNjYWxlZC5qcGciLCJzbGlkZXNob3ciOiI2MWZjMWM1In0%3D\" href='https:\/\/misija-svajones.lt\/wp-content\/uploads\/2020\/07\/IMG_20200704_101250-1-scaled.jpg'><img loading=\"lazy\" decoding=\"async\" width=\"1024\" height=\"768\" src=\"https:\/\/misija-svajones.lt\/wp-content\/uploads\/2020\/07\/IMG_20200704_101250-1-1024x768.jpg\" class=\"attachment-large size-large\" alt=\"\" srcset=\"https:\/\/misija-svajones.lt\/wp-content\/uploads\/2020\/07\/IMG_20200704_101250-1-1024x768.jpg 1024w, https:\/\/misija-svajones.lt\/wp-content\/uploads\/2020\/07\/IMG_20200704_101250-1-300x225.jpg 300w, https:\/\/misija-svajones.lt\/wp-content\/uploads\/2020\/07\/IMG_20200704_101250-1-768x576.jpg 768w, https:\/\/misija-svajones.lt\/wp-content\/uploads\/2020\/07\/IMG_20200704_101250-1-1536x1152.jpg 1536w, https:\/\/misija-svajones.lt\/wp-content\/uploads\/2020\/07\/IMG_20200704_101250-1-2048x1536.jpg 2048w\" sizes=\"(max-width: 1024px) 100vw, 1024px\" \/><\/a>\n\t\t\t<\/div><\/figure>\n\t\t<\/div>\n\t\t<\/div>\n\t\t\t\t\t\t<\/div>\n\t\t\t\t<\/div>\n\t\t\t\t<div class=\"elementor-element elementor-element-9fefcb9 elementor-widget elementor-widget-text-editor\" data-id=\"9fefcb9\" data-element_type=\"widget\" data-e-type=\"widget\" data-widget_type=\"text-editor.default\">\n\t\t\t\t<div class=\"elementor-widget-container\">\n\t\t\t\t\t\t\t\t\t<p>Darbams buvo pasitelkta sunkioji technika&#8230; Aplau\u017e\u0117m pora g\u0117lyn\u0173 ir i\u0161va\u017ein\u0117jom pievel\u0119&#8230; Galiausiai akmuo pasidav\u0117 ir i\u0161\u0161liau\u017e\u0117 lauk. truput\u012f li\u016bdna, nes po tiek valand\u0173 darbo radinys buvo sunaikintas&#8230; Ne monetos&#8230; Bet ka\u017ekas kito.\u00a0 \u0160uk\u0117s pasklido po vis\u0105 duob\u0119. Kas \u010dia buvo, nebe\u012fmanoma atkurti&#8230;<\/p><p>Kartais tyrimai atveda \u012f niekur, kartais &#8211; d\u017eiaugiesi ma\u017eais laim\u0117jimais, o kartais &#8211; tiesiog nepasiseka&#8230;<\/p>\t\t\t\t\t\t\t\t<\/div>\n\t\t\t\t<\/div>\n\t\t\t\t<div class=\"elementor-element elementor-element-4908836 elementor-arrows-position-inside elementor-widget elementor-widget-image-carousel\" data-id=\"4908836\" data-element_type=\"widget\" data-e-type=\"widget\" data-settings=\"{&quot;navigation&quot;:&quot;arrows&quot;,&quot;autoplay&quot;:&quot;yes&quot;,&quot;pause_on_hover&quot;:&quot;yes&quot;,&quot;pause_on_interaction&quot;:&quot;yes&quot;,&quot;autoplay_speed&quot;:5000,&quot;infinite&quot;:&quot;yes&quot;,&quot;speed&quot;:500,&quot;image_spacing_custom&quot;:{&quot;unit&quot;:&quot;px&quot;,&quot;size&quot;:20,&quot;sizes&quot;:[]},&quot;image_spacing_custom_tablet&quot;:{&quot;unit&quot;:&quot;px&quot;,&quot;size&quot;:&quot;&quot;,&quot;sizes&quot;:[]},&quot;image_spacing_custom_mobile&quot;:{&quot;unit&quot;:&quot;px&quot;,&quot;size&quot;:&quot;&quot;,&quot;sizes&quot;:[]}}\" data-widget_type=\"image-carousel.default\">\n\t\t\t\t<div class=\"elementor-widget-container\">\n\t\t\t\t\t\t\t<div class=\"elementor-image-carousel-wrapper swiper\" role=\"region\" aria-roledescription=\"carousel\" aria-label=\"Image Carousel\" dir=\"ltr\">\n\t\t\t<div class=\"elementor-image-carousel swiper-wrapper\" aria-live=\"off\">\n\t\t\t\t\t\t\t\t<div class=\"swiper-slide\" role=\"group\" aria-roledescription=\"slide\" aria-label=\"1 of 6\"><figure class=\"swiper-slide-inner\"><img decoding=\"async\" class=\"swiper-slide-image\" src=\"https:\/\/misija-svajones.lt\/wp-content\/uploads\/2020\/07\/IMG_20200704_101714-1024x768.jpg\" alt=\"IMG_20200704_101714\" \/><\/figure><\/div><div class=\"swiper-slide\" role=\"group\" aria-roledescription=\"slide\" aria-label=\"2 of 6\"><figure class=\"swiper-slide-inner\"><img decoding=\"async\" class=\"swiper-slide-image\" src=\"https:\/\/misija-svajones.lt\/wp-content\/uploads\/2020\/07\/IMG_20200704_102057-1024x768.jpg\" alt=\"IMG_20200704_102057\" \/><\/figure><\/div><div class=\"swiper-slide\" role=\"group\" aria-roledescription=\"slide\" aria-label=\"3 of 6\"><figure class=\"swiper-slide-inner\"><img decoding=\"async\" class=\"swiper-slide-image\" src=\"https:\/\/misija-svajones.lt\/wp-content\/uploads\/2020\/07\/IMG_20200704_102718-1024x768.jpg\" alt=\"IMG_20200704_102718\" \/><\/figure><\/div><div class=\"swiper-slide\" role=\"group\" aria-roledescription=\"slide\" aria-label=\"4 of 6\"><figure class=\"swiper-slide-inner\"><img decoding=\"async\" class=\"swiper-slide-image\" src=\"https:\/\/misija-svajones.lt\/wp-content\/uploads\/2020\/07\/IMG_20200704_101703-scaled-e1595314176173-1024x768.jpg\" alt=\"IMG_20200704_101703\" \/><\/figure><\/div><div class=\"swiper-slide\" role=\"group\" aria-roledescription=\"slide\" aria-label=\"5 of 6\"><figure class=\"swiper-slide-inner\"><img decoding=\"async\" class=\"swiper-slide-image\" src=\"https:\/\/misija-svajones.lt\/wp-content\/uploads\/2020\/07\/IMG_20200704_101932-scaled-e1595314188199-1024x768.jpg\" alt=\"IMG_20200704_101932\" \/><\/figure><\/div><div class=\"swiper-slide\" role=\"group\" aria-roledescription=\"slide\" aria-label=\"6 of 6\"><figure class=\"swiper-slide-inner\"><img decoding=\"async\" class=\"swiper-slide-image\" src=\"https:\/\/misija-svajones.lt\/wp-content\/uploads\/2020\/07\/IMG_20200704_102837-scaled-e1595314200423-1024x768.jpg\" alt=\"IMG_20200704_102837\" \/><\/figure><\/div>\t\t\t<\/div>\n\t\t\t\t\t\t\t\t\t\t\t\t<div class=\"elementor-swiper-button elementor-swiper-button-prev\" role=\"button\" tabindex=\"0\">\n\t\t\t\t\t\t<i aria-hidden=\"true\" class=\"eicon-chevron-left\"><\/i>\t\t\t\t\t<\/div>\n\t\t\t\t\t<div class=\"elementor-swiper-button elementor-swiper-button-next\" role=\"button\" tabindex=\"0\">\n\t\t\t\t\t\t<i aria-hidden=\"true\" class=\"eicon-chevron-right\"><\/i>\t\t\t\t\t<\/div>\n\t\t\t\t\n\t\t\t\t\t\t\t\t\t<\/div>\n\t\t\t\t\t\t<\/div>\n\t\t\t\t<\/div>\n\t\t\t\t\t<\/div>\n\t\t<\/div>\n\t\t\t\t\t<\/div>\n\t\t<\/section>\n\t\t\t\t<\/div>\n\t\t","protected":false},"excerpt":{"rendered":"<p>Kas namelyje gyvena? Senos sodybos paie\u0161kos Kai buvome vaikai, seneliai pasakojo, kad \u0161alimais buvo senas namas, kur\u012f v\u0117liau pama\u017eu nugriov\u0117 ir stat\u0117 nauj\u0105j\u012f. Kada tiksliai buvo pastatytas &#8211; tiksliai niekas negal\u0117jo atsakyti, ta\u010diau many\u010diau apie XIX a. vidur\u012f, gal kiek anks\u010diau. Anks\u010diau (ne\u017einau, kiek dabar paplitusi \u0161i tradicija) \u017emon\u0117s statydami namus pam\u016br\u0117je (kampe, ant kertinio [&hellip;]<\/p>\n","protected":false},"author":1,"featured_media":559,"parent":372,"menu_order":0,"comment_status":"closed","ping_status":"closed","template":"","meta":{"site-sidebar-layout":"no-sidebar","site-content-layout":"page-builder","ast-site-content-layout":"default","site-content-style":"default","site-sidebar-style":"default","ast-global-header-display":"","ast-banner-title-visibility":"","ast-main-header-display":"","ast-hfb-above-header-display":"","ast-hfb-below-header-display":"","ast-hfb-mobile-header-display":"","site-post-title":"disabled","ast-breadcrumbs-content":"","ast-featured-img":"disabled","footer-sml-layout":"","ast-disable-related-posts":"","theme-transparent-header-meta":"default","adv-header-id-meta":"","stick-header-meta":"","header-above-stick-meta":"","header-main-stick-meta":"","header-below-stick-meta":"","astra-migrate-meta-layouts":"default","ast-page-background-enabled":"default","ast-page-background-meta":{"desktop":{"background-color":"var(--ast-global-color-4)","background-image":"","background-repeat":"repeat","background-position":"center center","background-size":"auto","background-attachment":"scroll","background-type":"","background-media":"","overlay-type":"","overlay-color":"","overlay-opacity":"","overlay-gradient":""},"tablet":{"background-color":"","background-image":"","background-repeat":"repeat","background-position":"center center","background-size":"auto","background-attachment":"scroll","background-type":"","background-media":"","overlay-type":"","overlay-color":"","overlay-opacity":"","overlay-gradient":""},"mobile":{"background-color":"","background-image":"","background-repeat":"repeat","background-position":"center center","background-size":"auto","background-attachment":"scroll","background-type":"","background-media":"","overlay-type":"","overlay-color":"","overlay-opacity":"","overlay-gradient":""}},"ast-content-background-meta":{"desktop":{"background-color":"var(--ast-global-color-5)","background-image":"","background-repeat":"repeat","background-position":"center center","background-size":"auto","background-attachment":"scroll","background-type":"","background-media":"","overlay-type":"","overlay-color":"","overlay-opacity":"","overlay-gradient":""},"tablet":{"background-color":"var(--ast-global-color-5)","background-image":"","background-repeat":"repeat","background-position":"center center","background-size":"auto","background-attachment":"scroll","background-type":"","background-media":"","overlay-type":"","overlay-color":"","overlay-opacity":"","overlay-gradient":""},"mobile":{"background-color":"var(--ast-global-color-5)","background-image":"","background-repeat":"repeat","background-position":"center center","background-size":"auto","background-attachment":"scroll","background-type":"","background-media":"","overlay-type":"","overlay-color":"","overlay-opacity":"","overlay-gradient":""}},"footnotes":""},"class_list":["post-558","page","type-page","status-publish","has-post-thumbnail","hentry"],"_links":{"self":[{"href":"https:\/\/misija-svajones.lt\/index.php\/wp-json\/wp\/v2\/pages\/558","targetHints":{"allow":["GET"]}}],"collection":[{"href":"https:\/\/misija-svajones.lt\/index.php\/wp-json\/wp\/v2\/pages"}],"about":[{"href":"https:\/\/misija-svajones.lt\/index.php\/wp-json\/wp\/v2\/types\/page"}],"author":[{"embeddable":true,"href":"https:\/\/misija-svajones.lt\/index.php\/wp-json\/wp\/v2\/users\/1"}],"replies":[{"embeddable":true,"href":"https:\/\/misija-svajones.lt\/index.php\/wp-json\/wp\/v2\/comments?post=558"}],"version-history":[{"count":4,"href":"https:\/\/misija-svajones.lt\/index.php\/wp-json\/wp\/v2\/pages\/558\/revisions"}],"predecessor-version":[{"id":606,"href":"https:\/\/misija-svajones.lt\/index.php\/wp-json\/wp\/v2\/pages\/558\/revisions\/606"}],"up":[{"embeddable":true,"href":"https:\/\/misija-svajones.lt\/index.php\/wp-json\/wp\/v2\/pages\/372"}],"wp:featuredmedia":[{"embeddable":true,"href":"https:\/\/misija-svajones.lt\/index.php\/wp-json\/wp\/v2\/media\/559"}],"wp:attachment":[{"href":"https:\/\/misija-svajones.lt\/index.php\/wp-json\/wp\/v2\/media?parent=558"}],"curies":[{"name":"wp","href":"https:\/\/api.w.org\/{rel}","templated":true}]}}