{"id":434,"date":"2020-07-17T09:31:32","date_gmt":"2020-07-17T09:31:32","guid":{"rendered":"http:\/\/misija-svajones.lt\/?page_id=434"},"modified":"2020-07-20T07:41:38","modified_gmt":"2020-07-20T07:41:38","slug":"vakarai","status":"publish","type":"page","link":"https:\/\/misija-svajones.lt\/index.php\/veiklos\/detektoriai\/vakarai\/","title":{"rendered":"vakarai"},"content":{"rendered":"\t\t<div data-elementor-type=\"wp-page\" data-elementor-id=\"434\" class=\"elementor elementor-434\">\n\t\t\t\t\t\t<section class=\"has_eae_slider elementor-section elementor-top-section elementor-element elementor-element-b75a3c6 elementor-section-full_width elementor-section-content-bottom elementor-section-height-default elementor-section-height-default\" data-eae-slider=\"5367\" data-id=\"b75a3c6\" data-element_type=\"section\" data-e-type=\"section\" data-settings=\"{&quot;background_background&quot;:&quot;classic&quot;}\">\n\t\t\t\t\t\t\t<div class=\"elementor-background-overlay\"><\/div>\n\t\t\t\t\t\t\t<div class=\"elementor-container elementor-column-gap-no\">\n\t\t\t\t\t<div class=\"has_eae_slider elementor-column elementor-col-100 elementor-top-column elementor-element elementor-element-c2a112b\" data-eae-slider=\"13611\" data-id=\"c2a112b\" data-element_type=\"column\" data-e-type=\"column\">\n\t\t\t<div class=\"elementor-widget-wrap elementor-element-populated\">\n\t\t\t\t\t\t<div class=\"elementor-element elementor-element-53c5c4e elementor-widget elementor-widget-heading\" data-id=\"53c5c4e\" data-element_type=\"widget\" data-e-type=\"widget\" data-widget_type=\"heading.default\">\n\t\t\t\t<div class=\"elementor-widget-container\">\n\t\t\t\t\t<h5 class=\"elementor-heading-title elementor-size-default\">kod\u0117l nerimsta nyk\u0161tukai?<\/h5>\t\t\t\t<\/div>\n\t\t\t\t<\/div>\n\t\t\t\t<div class=\"elementor-element elementor-element-b3ffad5 elementor-widget elementor-widget-heading\" data-id=\"b3ffad5\" data-element_type=\"widget\" data-e-type=\"widget\" data-widget_type=\"heading.default\">\n\t\t\t\t<div class=\"elementor-widget-container\">\n\t\t\t\t\t<h1 class=\"elementor-heading-title elementor-size-default\">Vasaros vakarai<\/h1>\t\t\t\t<\/div>\n\t\t\t\t<\/div>\n\t\t\t\t\t<\/div>\n\t\t<\/div>\n\t\t\t\t\t<\/div>\n\t\t<\/section>\n\t\t\t\t<section class=\"has_eae_slider elementor-section elementor-top-section elementor-element elementor-element-64d454b elementor-section-boxed elementor-section-height-default elementor-section-height-default\" data-eae-slider=\"23462\" data-id=\"64d454b\" data-element_type=\"section\" data-e-type=\"section\">\n\t\t\t\t\t\t<div class=\"elementor-container elementor-column-gap-default\">\n\t\t\t\t\t<div class=\"has_eae_slider elementor-column elementor-col-100 elementor-top-column elementor-element elementor-element-b13eb17\" data-eae-slider=\"27068\" data-id=\"b13eb17\" data-element_type=\"column\" data-e-type=\"column\">\n\t\t\t<div class=\"elementor-widget-wrap elementor-element-populated\">\n\t\t\t\t\t\t<div class=\"elementor-element elementor-element-c9dafef elementor-widget elementor-widget-text-editor\" data-id=\"c9dafef\" data-element_type=\"widget\" data-e-type=\"widget\" data-widget_type=\"text-editor.default\">\n\t\t\t\t<div class=\"elementor-widget-container\">\n\t\t\t\t\t\t\t\t\t<div class=\"elementor-element elementor-element-245be6c elementor-widget elementor-widget-text-editor\" data-id=\"245be6c\" data-element_type=\"widget\" data-widget_type=\"text-editor.default\"><div class=\"elementor-widget-container\"><div class=\"elementor-text-editor elementor-clearfix\"><p>Kai tyliai leid\u017eiasi saul\u0117, o tu vis dar p\u0117dini su metalo detektoriumi, supranti, jog nereikia joki\u0173 jog\u0173 ar meditacij\u0173. Buvimas su savimi ir \u010dia ir dabar, tyloje (<em>na, kokia ten tyla<\/em>\u2026 \ud83d\ude42 <em>am\u017einas cypimas<\/em>) padeda susid\u0117lioti mintis ir i\u0161valyti smegenis nuo bereikalingo \u0161lam\u0161to, kur\u012f krauname ir krauname. M\u016bs\u0173 nyk\u0161tukai esantys galvose lyg pami\u0161\u0119 plu\u0161a kiauras dienas d\u0117liodami m\u016bs\u0173 id\u0117jas, u\u017eduotis, susigalvotas veiklas ir neb\u016btas baimes, nuoskaudas\u2026 Jie tiek pervarg\u0119, kad, da\u017enai, tiesiog numeta \u012f kamp\u0105 (<em>kaip ir tu pats darai su ne\u0161variais skalbiniais \u2013 tiesiog sumeti kampe prie skalbykl\u0117s (gerai, kas ne kambaryje ant k\u0117d\u0117s<\/em> \ud83d\ude42 ) \u0161\u016bsn\u012f popieri\u0173 ir b\u0117ga toliau.<\/p><p>Kas sugeb\u0117s filtruoti t\u0105 informacij\u0105, kuri\u0105 siunti nyk\u0161tukams? Jie pervarg\u0119 ir pasimet\u0119\u2026<\/p><p>Tyla. Leid\u017eiasi saul\u0117. Keli lietaus la\u0161ai atgaivina or\u0105, po kuri\u0173 seka \u012fstabaus gro\u017eio vaivoryk\u0161t\u0117.<\/p><p>\u2013 Sako, kad viename vaivoryk\u0161t\u0117s gale gnomai auks\u0105 slepia, \u2013 susim\u0105sto. \u2013 Kaip manai, kuriame?<\/p><p>\u2013 Galim su detektoriumi patikrinti, \u2013 nusijuokia (<em>Ne, aukso neradome, bet puodo \u0161uki\u0173 pasitaik\u0117\u2026<\/em> )<\/p><\/div><\/div><\/div>\t\t\t\t\t\t\t\t<\/div>\n\t\t\t\t<\/div>\n\t\t\t\t<div class=\"elementor-element elementor-element-d246258 elementor-widget elementor-widget-image-gallery\" data-id=\"d246258\" data-element_type=\"widget\" data-e-type=\"widget\" data-widget_type=\"image-gallery.default\">\n\t\t\t\t<div class=\"elementor-widget-container\">\n\t\t\t\t\t\t\t<div class=\"elementor-image-gallery\">\n\t\t\t<div id='gallery-1' class='gallery galleryid-434 gallery-columns-3 gallery-size-large'><figure class='gallery-item'>\n\t\t\t<div class='gallery-icon landscape'>\n\t\t\t\t<a data-elementor-open-lightbox=\"yes\" data-elementor-lightbox-slideshow=\"d246258\" data-e-action-hash=\"#elementor-action%3Aaction%3Dlightbox%26settings%3DeyJpZCI6NDM2LCJ1cmwiOiJodHRwczpcL1wvbWlzaWphLXN2YWpvbmVzLmx0XC93cC1jb250ZW50XC91cGxvYWRzXC8yMDIwXC8wN1wvSU1HXzIwMjAwNzAxXzE5MjgwMC5qcGciLCJzbGlkZXNob3ciOiJkMjQ2MjU4In0%3D\" href='https:\/\/misija-svajones.lt\/wp-content\/uploads\/2020\/07\/IMG_20200701_192800.jpg'><img fetchpriority=\"high\" decoding=\"async\" width=\"1024\" height=\"768\" src=\"https:\/\/misija-svajones.lt\/wp-content\/uploads\/2020\/07\/IMG_20200701_192800-1024x768.jpg\" class=\"attachment-large size-large\" alt=\"\" srcset=\"https:\/\/misija-svajones.lt\/wp-content\/uploads\/2020\/07\/IMG_20200701_192800-1024x768.jpg 1024w, https:\/\/misija-svajones.lt\/wp-content\/uploads\/2020\/07\/IMG_20200701_192800-300x225.jpg 300w, https:\/\/misija-svajones.lt\/wp-content\/uploads\/2020\/07\/IMG_20200701_192800-768x576.jpg 768w, https:\/\/misija-svajones.lt\/wp-content\/uploads\/2020\/07\/IMG_20200701_192800-1536x1152.jpg 1536w, https:\/\/misija-svajones.lt\/wp-content\/uploads\/2020\/07\/IMG_20200701_192800-2048x1536.jpg 2048w\" sizes=\"(max-width: 1024px) 100vw, 1024px\" \/><\/a>\n\t\t\t<\/div><\/figure><figure class='gallery-item'>\n\t\t\t<div class='gallery-icon landscape'>\n\t\t\t\t<a data-elementor-open-lightbox=\"yes\" data-elementor-lightbox-slideshow=\"d246258\" data-e-action-hash=\"#elementor-action%3Aaction%3Dlightbox%26settings%3DeyJpZCI6NDM3LCJ1cmwiOiJodHRwczpcL1wvbWlzaWphLXN2YWpvbmVzLmx0XC93cC1jb250ZW50XC91cGxvYWRzXC8yMDIwXC8wN1wvSU1HXzIwMjAwNzAyXzIxMDgyMS1zY2FsZWQuanBnIiwic2xpZGVzaG93IjoiZDI0NjI1OCJ9\" data-elementor-lightbox-title=\"IMG_20200702_210821\" href='https:\/\/misija-svajones.lt\/wp-content\/uploads\/2020\/07\/IMG_20200702_210821-scaled.jpg'><img decoding=\"async\" width=\"1024\" height=\"768\" src=\"https:\/\/misija-svajones.lt\/wp-content\/uploads\/2020\/07\/IMG_20200702_210821-1024x768.jpg\" class=\"attachment-large size-large\" alt=\"\" srcset=\"https:\/\/misija-svajones.lt\/wp-content\/uploads\/2020\/07\/IMG_20200702_210821-1024x768.jpg 1024w, https:\/\/misija-svajones.lt\/wp-content\/uploads\/2020\/07\/IMG_20200702_210821-300x225.jpg 300w, https:\/\/misija-svajones.lt\/wp-content\/uploads\/2020\/07\/IMG_20200702_210821-768x576.jpg 768w, https:\/\/misija-svajones.lt\/wp-content\/uploads\/2020\/07\/IMG_20200702_210821-1536x1152.jpg 1536w, https:\/\/misija-svajones.lt\/wp-content\/uploads\/2020\/07\/IMG_20200702_210821-2048x1536.jpg 2048w\" sizes=\"(max-width: 1024px) 100vw, 1024px\" \/><\/a>\n\t\t\t<\/div><\/figure><figure class='gallery-item'>\n\t\t\t<div class='gallery-icon landscape'>\n\t\t\t\t<a data-elementor-open-lightbox=\"yes\" data-elementor-lightbox-slideshow=\"d246258\" data-e-action-hash=\"#elementor-action%3Aaction%3Dlightbox%26settings%3DeyJpZCI6NDM4LCJ1cmwiOiJodHRwczpcL1wvbWlzaWphLXN2YWpvbmVzLmx0XC93cC1jb250ZW50XC91cGxvYWRzXC8yMDIwXC8wN1wvSU1HXzIwMjAwNzAyXzIxMTAxNi1zY2FsZWQuanBnIiwic2xpZGVzaG93IjoiZDI0NjI1OCJ9\" data-elementor-lightbox-title=\"IMG_20200702_211016\" href='https:\/\/misija-svajones.lt\/wp-content\/uploads\/2020\/07\/IMG_20200702_211016-scaled.jpg'><img decoding=\"async\" width=\"1024\" height=\"768\" src=\"https:\/\/misija-svajones.lt\/wp-content\/uploads\/2020\/07\/IMG_20200702_211016-1024x768.jpg\" class=\"attachment-large size-large\" alt=\"\" srcset=\"https:\/\/misija-svajones.lt\/wp-content\/uploads\/2020\/07\/IMG_20200702_211016-1024x768.jpg 1024w, https:\/\/misija-svajones.lt\/wp-content\/uploads\/2020\/07\/IMG_20200702_211016-300x225.jpg 300w, https:\/\/misija-svajones.lt\/wp-content\/uploads\/2020\/07\/IMG_20200702_211016-768x576.jpg 768w, https:\/\/misija-svajones.lt\/wp-content\/uploads\/2020\/07\/IMG_20200702_211016-1536x1152.jpg 1536w, https:\/\/misija-svajones.lt\/wp-content\/uploads\/2020\/07\/IMG_20200702_211016-2048x1536.jpg 2048w\" sizes=\"(max-width: 1024px) 100vw, 1024px\" \/><\/a>\n\t\t\t<\/div><\/figure><figure class='gallery-item'>\n\t\t\t<div class='gallery-icon landscape'>\n\t\t\t\t<a data-elementor-open-lightbox=\"yes\" data-elementor-lightbox-slideshow=\"d246258\" data-e-action-hash=\"#elementor-action%3Aaction%3Dlightbox%26settings%3DeyJpZCI6NDM5LCJ1cmwiOiJodHRwczpcL1wvbWlzaWphLXN2YWpvbmVzLmx0XC93cC1jb250ZW50XC91cGxvYWRzXC8yMDIwXC8wN1wvSU1HXzIwMjAwNzAyXzIxMTg0Mi1zY2FsZWQuanBnIiwic2xpZGVzaG93IjoiZDI0NjI1OCJ9\" data-elementor-lightbox-title=\"IMG_20200702_211842\" href='https:\/\/misija-svajones.lt\/wp-content\/uploads\/2020\/07\/IMG_20200702_211842-scaled.jpg'><img loading=\"lazy\" decoding=\"async\" width=\"1024\" height=\"768\" src=\"https:\/\/misija-svajones.lt\/wp-content\/uploads\/2020\/07\/IMG_20200702_211842-1024x768.jpg\" class=\"attachment-large size-large\" alt=\"\" srcset=\"https:\/\/misija-svajones.lt\/wp-content\/uploads\/2020\/07\/IMG_20200702_211842-1024x768.jpg 1024w, https:\/\/misija-svajones.lt\/wp-content\/uploads\/2020\/07\/IMG_20200702_211842-300x225.jpg 300w, https:\/\/misija-svajones.lt\/wp-content\/uploads\/2020\/07\/IMG_20200702_211842-768x576.jpg 768w, https:\/\/misija-svajones.lt\/wp-content\/uploads\/2020\/07\/IMG_20200702_211842-1536x1152.jpg 1536w, https:\/\/misija-svajones.lt\/wp-content\/uploads\/2020\/07\/IMG_20200702_211842-2048x1536.jpg 2048w\" sizes=\"(max-width: 1024px) 100vw, 1024px\" \/><\/a>\n\t\t\t<\/div><\/figure><figure class='gallery-item'>\n\t\t\t<div class='gallery-icon landscape'>\n\t\t\t\t<a data-elementor-open-lightbox=\"yes\" data-elementor-lightbox-slideshow=\"d246258\" data-e-action-hash=\"#elementor-action%3Aaction%3Dlightbox%26settings%3DeyJpZCI6NDQwLCJ1cmwiOiJodHRwczpcL1wvbWlzaWphLXN2YWpvbmVzLmx0XC93cC1jb250ZW50XC91cGxvYWRzXC8yMDIwXC8wN1wvSU1HXzIwMjAwNzAyXzIxMzcxOS1zY2FsZWQuanBnIiwic2xpZGVzaG93IjoiZDI0NjI1OCJ9\" data-elementor-lightbox-title=\"IMG_20200702_213719\" href='https:\/\/misija-svajones.lt\/wp-content\/uploads\/2020\/07\/IMG_20200702_213719-scaled.jpg'><img loading=\"lazy\" decoding=\"async\" width=\"1024\" height=\"768\" src=\"https:\/\/misija-svajones.lt\/wp-content\/uploads\/2020\/07\/IMG_20200702_213719-1024x768.jpg\" class=\"attachment-large size-large\" alt=\"\" srcset=\"https:\/\/misija-svajones.lt\/wp-content\/uploads\/2020\/07\/IMG_20200702_213719-1024x768.jpg 1024w, https:\/\/misija-svajones.lt\/wp-content\/uploads\/2020\/07\/IMG_20200702_213719-300x225.jpg 300w, https:\/\/misija-svajones.lt\/wp-content\/uploads\/2020\/07\/IMG_20200702_213719-768x576.jpg 768w, https:\/\/misija-svajones.lt\/wp-content\/uploads\/2020\/07\/IMG_20200702_213719-1536x1152.jpg 1536w, https:\/\/misija-svajones.lt\/wp-content\/uploads\/2020\/07\/IMG_20200702_213719-2048x1536.jpg 2048w\" sizes=\"(max-width: 1024px) 100vw, 1024px\" \/><\/a>\n\t\t\t<\/div><\/figure><figure class='gallery-item'>\n\t\t\t<div class='gallery-icon landscape'>\n\t\t\t\t<a data-elementor-open-lightbox=\"yes\" data-elementor-lightbox-slideshow=\"d246258\" data-e-action-hash=\"#elementor-action%3Aaction%3Dlightbox%26settings%3DeyJpZCI6NDQyLCJ1cmwiOiJodHRwczpcL1wvbWlzaWphLXN2YWpvbmVzLmx0XC93cC1jb250ZW50XC91cGxvYWRzXC8yMDIwXC8wN1wvSU1HXzIwMjAwNzAyXzIxMzgxNS1zY2FsZWQuanBnIiwic2xpZGVzaG93IjoiZDI0NjI1OCJ9\" data-elementor-lightbox-title=\"IMG_20200702_213815\" href='https:\/\/misija-svajones.lt\/wp-content\/uploads\/2020\/07\/IMG_20200702_213815-scaled.jpg'><img loading=\"lazy\" decoding=\"async\" width=\"1024\" height=\"768\" src=\"https:\/\/misija-svajones.lt\/wp-content\/uploads\/2020\/07\/IMG_20200702_213815-1024x768.jpg\" class=\"attachment-large size-large\" alt=\"\" srcset=\"https:\/\/misija-svajones.lt\/wp-content\/uploads\/2020\/07\/IMG_20200702_213815-1024x768.jpg 1024w, https:\/\/misija-svajones.lt\/wp-content\/uploads\/2020\/07\/IMG_20200702_213815-300x225.jpg 300w, https:\/\/misija-svajones.lt\/wp-content\/uploads\/2020\/07\/IMG_20200702_213815-768x576.jpg 768w, https:\/\/misija-svajones.lt\/wp-content\/uploads\/2020\/07\/IMG_20200702_213815-1536x1152.jpg 1536w, https:\/\/misija-svajones.lt\/wp-content\/uploads\/2020\/07\/IMG_20200702_213815-2048x1536.jpg 2048w\" sizes=\"(max-width: 1024px) 100vw, 1024px\" \/><\/a>\n\t\t\t<\/div><\/figure>\n\t\t<\/div>\n\t\t<\/div>\n\t\t\t\t\t\t<\/div>\n\t\t\t\t<\/div>\n\t\t\t\t\t<\/div>\n\t\t<\/div>\n\t\t\t\t\t<\/div>\n\t\t<\/section>\n\t\t\t\t<\/div>\n\t\t","protected":false},"excerpt":{"rendered":"<p>kod\u0117l nerimsta nyk\u0161tukai? Vasaros vakarai Kai tyliai leid\u017eiasi saul\u0117, o tu vis dar p\u0117dini su metalo detektoriumi, supranti, jog nereikia joki\u0173 jog\u0173 ar meditacij\u0173. Buvimas su savimi ir \u010dia ir dabar, tyloje (na, kokia ten tyla\u2026 \ud83d\ude42 am\u017einas cypimas) padeda susid\u0117lioti mintis ir i\u0161valyti smegenis nuo bereikalingo \u0161lam\u0161to, kur\u012f krauname ir krauname. M\u016bs\u0173 nyk\u0161tukai esantys [&hellip;]<\/p>\n","protected":false},"author":1,"featured_media":439,"parent":372,"menu_order":0,"comment_status":"closed","ping_status":"closed","template":"","meta":{"site-sidebar-layout":"no-sidebar","site-content-layout":"page-builder","ast-site-content-layout":"default","site-content-style":"default","site-sidebar-style":"default","ast-global-header-display":"","ast-banner-title-visibility":"","ast-main-header-display":"","ast-hfb-above-header-display":"","ast-hfb-below-header-display":"","ast-hfb-mobile-header-display":"","site-post-title":"disabled","ast-breadcrumbs-content":"","ast-featured-img":"disabled","footer-sml-layout":"","ast-disable-related-posts":"","theme-transparent-header-meta":"default","adv-header-id-meta":"","stick-header-meta":"","header-above-stick-meta":"","header-main-stick-meta":"","header-below-stick-meta":"","astra-migrate-meta-layouts":"default","ast-page-background-enabled":"default","ast-page-background-meta":{"desktop":{"background-color":"var(--ast-global-color-4)","background-image":"","background-repeat":"repeat","background-position":"center center","background-size":"auto","background-attachment":"scroll","background-type":"","background-media":"","overlay-type":"","overlay-color":"","overlay-opacity":"","overlay-gradient":""},"tablet":{"background-color":"","background-image":"","background-repeat":"repeat","background-position":"center center","background-size":"auto","background-attachment":"scroll","background-type":"","background-media":"","overlay-type":"","overlay-color":"","overlay-opacity":"","overlay-gradient":""},"mobile":{"background-color":"","background-image":"","background-repeat":"repeat","background-position":"center center","background-size":"auto","background-attachment":"scroll","background-type":"","background-media":"","overlay-type":"","overlay-color":"","overlay-opacity":"","overlay-gradient":""}},"ast-content-background-meta":{"desktop":{"background-color":"var(--ast-global-color-5)","background-image":"","background-repeat":"repeat","background-position":"center center","background-size":"auto","background-attachment":"scroll","background-type":"","background-media":"","overlay-type":"","overlay-color":"","overlay-opacity":"","overlay-gradient":""},"tablet":{"background-color":"var(--ast-global-color-5)","background-image":"","background-repeat":"repeat","background-position":"center center","background-size":"auto","background-attachment":"scroll","background-type":"","background-media":"","overlay-type":"","overlay-color":"","overlay-opacity":"","overlay-gradient":""},"mobile":{"background-color":"var(--ast-global-color-5)","background-image":"","background-repeat":"repeat","background-position":"center center","background-size":"auto","background-attachment":"scroll","background-type":"","background-media":"","overlay-type":"","overlay-color":"","overlay-opacity":"","overlay-gradient":""}},"footnotes":""},"class_list":["post-434","page","type-page","status-publish","has-post-thumbnail","hentry"],"_links":{"self":[{"href":"https:\/\/misija-svajones.lt\/index.php\/wp-json\/wp\/v2\/pages\/434","targetHints":{"allow":["GET"]}}],"collection":[{"href":"https:\/\/misija-svajones.lt\/index.php\/wp-json\/wp\/v2\/pages"}],"about":[{"href":"https:\/\/misija-svajones.lt\/index.php\/wp-json\/wp\/v2\/types\/page"}],"author":[{"embeddable":true,"href":"https:\/\/misija-svajones.lt\/index.php\/wp-json\/wp\/v2\/users\/1"}],"replies":[{"embeddable":true,"href":"https:\/\/misija-svajones.lt\/index.php\/wp-json\/wp\/v2\/comments?post=434"}],"version-history":[{"count":4,"href":"https:\/\/misija-svajones.lt\/index.php\/wp-json\/wp\/v2\/pages\/434\/revisions"}],"predecessor-version":[{"id":519,"href":"https:\/\/misija-svajones.lt\/index.php\/wp-json\/wp\/v2\/pages\/434\/revisions\/519"}],"up":[{"embeddable":true,"href":"https:\/\/misija-svajones.lt\/index.php\/wp-json\/wp\/v2\/pages\/372"}],"wp:featuredmedia":[{"embeddable":true,"href":"https:\/\/misija-svajones.lt\/index.php\/wp-json\/wp\/v2\/media\/439"}],"wp:attachment":[{"href":"https:\/\/misija-svajones.lt\/index.php\/wp-json\/wp\/v2\/media?parent=434"}],"curies":[{"name":"wp","href":"https:\/\/api.w.org\/{rel}","templated":true}]}}