{"id":419,"date":"2020-07-17T09:22:24","date_gmt":"2020-07-17T09:22:24","guid":{"rendered":"http:\/\/misija-svajones.lt\/?page_id=419"},"modified":"2020-07-20T07:42:06","modified_gmt":"2020-07-20T07:42:06","slug":"zenkliukas","status":"publish","type":"page","link":"https:\/\/misija-svajones.lt\/index.php\/veiklos\/detektoriai\/zenkliukas\/","title":{"rendered":"\u017eenkliukas"},"content":{"rendered":"\t\t<div data-elementor-type=\"wp-page\" data-elementor-id=\"419\" class=\"elementor elementor-419\">\n\t\t\t\t\t\t<section class=\"has_eae_slider elementor-section elementor-top-section elementor-element elementor-element-f96f12d elementor-section-full_width elementor-section-content-bottom elementor-section-height-default elementor-section-height-default\" data-eae-slider=\"94993\" data-id=\"f96f12d\" data-element_type=\"section\" data-e-type=\"section\" data-settings=\"{&quot;background_background&quot;:&quot;classic&quot;}\">\n\t\t\t\t\t\t\t<div class=\"elementor-background-overlay\"><\/div>\n\t\t\t\t\t\t\t<div class=\"elementor-container elementor-column-gap-no\">\n\t\t\t\t\t<div class=\"has_eae_slider elementor-column elementor-col-100 elementor-top-column elementor-element elementor-element-e4cab99\" data-eae-slider=\"56994\" data-id=\"e4cab99\" data-element_type=\"column\" data-e-type=\"column\">\n\t\t\t<div class=\"elementor-widget-wrap elementor-element-populated\">\n\t\t\t\t\t\t<div class=\"elementor-element elementor-element-3e6403f elementor-widget elementor-widget-heading\" data-id=\"3e6403f\" data-element_type=\"widget\" data-e-type=\"widget\" data-widget_type=\"heading.default\">\n\t\t\t\t<div class=\"elementor-widget-container\">\n\t\t\t\t\t<h5 class=\"elementor-heading-title elementor-size-default\">Kod\u0117l a\u0161 randu tik nes\u0105mones?<\/h5>\t\t\t\t<\/div>\n\t\t\t\t<\/div>\n\t\t\t\t<div class=\"elementor-element elementor-element-103bd89 elementor-widget elementor-widget-heading\" data-id=\"103bd89\" data-element_type=\"widget\" data-e-type=\"widget\" data-widget_type=\"heading.default\">\n\t\t\t\t<div class=\"elementor-widget-container\">\n\t\t\t\t\t<h1 class=\"elementor-heading-title elementor-size-default\">\u017denkliukas<\/h1>\t\t\t\t<\/div>\n\t\t\t\t<\/div>\n\t\t\t\t\t<\/div>\n\t\t<\/div>\n\t\t\t\t\t<\/div>\n\t\t<\/section>\n\t\t\t\t<section class=\"has_eae_slider elementor-section elementor-top-section elementor-element elementor-element-00eba84 elementor-section-boxed elementor-section-height-default elementor-section-height-default\" data-eae-slider=\"64956\" data-id=\"00eba84\" data-element_type=\"section\" data-e-type=\"section\">\n\t\t\t\t\t\t<div class=\"elementor-container elementor-column-gap-default\">\n\t\t\t\t\t<div class=\"has_eae_slider elementor-column elementor-col-100 elementor-top-column elementor-element elementor-element-6bf8c34\" data-eae-slider=\"9266\" data-id=\"6bf8c34\" data-element_type=\"column\" data-e-type=\"column\">\n\t\t\t<div class=\"elementor-widget-wrap elementor-element-populated\">\n\t\t\t\t\t\t<div class=\"elementor-element elementor-element-3c85602 elementor-widget elementor-widget-text-editor\" data-id=\"3c85602\" data-element_type=\"widget\" data-e-type=\"widget\" data-widget_type=\"text-editor.default\">\n\t\t\t\t<div class=\"elementor-widget-container\">\n\t\t\t\t\t\t\t\t\t<p class=\"MsoNormal\">\u0160i vasara mums be galo d\u0117kinga. Kadangi daug lyja, \u017eem\u0119 kasti pakankamai lengva. Tik b\u0117da, kad sucyps\u0117jus signalui \u0161alia vandens telkinio, tenka gerokai pasimaudyti. O kur dar uodai.<\/p><p class=\"MsoNormal\">Taip\u2026 Taip\u2026 Uodai. Anks\u010diau sakiau, kaip d\u017eiugu, jog j\u0173 \u0161iemet ma\u017eai arba i\u0161 vis n\u0117ra, ta\u010diau, li\u016b\u010di\u0173 sezonui prasid\u0117jus, jie \u0117m\u0117 daugintis kaip pami\u0161\u0119. Laimei, yra i\u0161rasti pur\u0161kalai nuo vabzd\u017ei\u0173. Jie n\u0117ra stebuklas, ta\u010diau bent dalis kraujasiurbi\u0173 apskrenda aplink piktu \u017evilgsniu palyd\u0117dami arba, dar blogiau, kantriai laukia sut\u016bp\u0119 ant \u0161ak\u0173. O tu, toks <i>skanutis<\/i>, prakaituoji mojuodamas metalo detektoriumi.<\/p><p class=\"MsoNormal\">I\u0161artas laukas, kur\u012f nusprend\u0117me tyrin\u0117ti, anks\u010diau, kol\u016bki\u0173 laikais, kaip sako dauguma, buvo naudojamas \u012fvairiai: pievos, bulv\u0117s, javai ir kt. Daug radini\u0173 nesitik\u0117jome, ta\u010diau surasti i\u0161m\u0117tytas \u017eem\u0117s apdirbimo technikos dalis reikia. Tuo labiau, kad daug net metalo detektoriaus neprireik\u0117. Kai kurie radiniai tiesiog \u0161aip\u0117si i\u0161ki\u0161\u0119 galvas i\u0161 po suverst\u0173 vag\u0173.<\/p><p class=\"MsoNormal\">Staiga detektorius supyps\u0117jo keistu garsu.<\/p><p class=\"MsoListParagraph\" style=\"text-indent: -.25in; mso-list: l0 level1 lfo1;\"><span style=\"mso-ascii-font-family: Calibri; mso-fareast-font-family: Calibri; mso-hansi-font-family: Calibri; mso-bidi-font-family: Calibri;\"><span style=\"mso-list: Ignore;\">\u2013<span style=\"font: 7.0pt 'Times New Roman';\">\u00a0\u00a0\u00a0\u00a0\u00a0\u00a0\u00a0 <\/span><\/span><\/span>Kas \u010dia buvo?<\/p><p class=\"MsoNormal\">Pypt v\u0117l.. \u012fdomus garsas\u2026 pirm\u0105kart toks.<\/p><p class=\"MsoNormal\">Manau, visiems ie\u0161kotojams, ypa\u010d naujokams, ateina ta akimirka, kai galvoje su\u017em\u0117\u017euoja \u017eodis \u201elobis\u201c . V\u0117liau tas d\u017eiugesys ma\u017e\u0117ja, bet tie pirmi kartai\u2026<\/p><p class=\"MsoListParagraphCxSpFirst\" style=\"text-indent: -.25in; mso-list: l0 level1 lfo1;\"><span style=\"mso-ascii-font-family: Calibri; mso-fareast-font-family: Calibri; mso-hansi-font-family: Calibri; mso-bidi-font-family: Calibri;\"><span style=\"mso-list: Ignore;\">\u2013<span style=\"font: 7.0pt 'Times New Roman';\">\u00a0\u00a0\u00a0\u00a0\u00a0\u00a0\u00a0 <\/span><\/span><\/span>Tai, kas \u010dia?<\/p><p class=\"MsoListParagraphCxSpMiddle\" style=\"text-indent: -.25in; mso-list: l0 level1 lfo1;\"><span style=\"mso-ascii-font-family: Calibri; mso-fareast-font-family: Calibri; mso-hansi-font-family: Calibri; mso-bidi-font-family: Calibri;\"><span style=\"mso-list: Ignore;\">\u2013<span style=\"font: 7.0pt 'Times New Roman';\">\u00a0\u00a0\u00a0\u00a0\u00a0\u00a0\u00a0 <\/span><\/span><\/span>Ne\u017einau, bet rodo ka\u017ek\u0105 \u012fdomaus.<\/p><p class=\"MsoListParagraphCxSpLast\" style=\"text-indent: -.25in; mso-list: l0 level1 lfo1;\"><span style=\"mso-ascii-font-family: Calibri; mso-fareast-font-family: Calibri; mso-hansi-font-family: Calibri; mso-bidi-font-family: Calibri;\"><span style=\"mso-list: Ignore;\">\u2013<span style=\"font: 7.0pt 'Times New Roman';\">\u00a0\u00a0\u00a0\u00a0\u00a0\u00a0\u00a0 <\/span><\/span><\/span>Pareguliuok detektori\u0173\u2026 Gal auksas? (<i>puikiai \u017einome, kad ne, bet vis tiek linksma <\/i><span style=\"font-family: 'Segoe UI Emoji',sans-serif; mso-ascii-font-family: Calibri; mso-ascii-theme-font: minor-latin; mso-hansi-font-family: Calibri; mso-hansi-theme-font: minor-latin; mso-char-type: symbol-ext; mso-symbol-font-family: 'Segoe UI Emoji';\">\ud83d\ude0a<\/span> )<\/p><p class=\"MsoNormal\">Kur buv\u0119s, kur nebuv\u0119s, atb\u0117ga t\u0117tis.<\/p><p class=\"MsoListParagraph\" style=\"text-indent: -.25in; mso-list: l0 level1 lfo1;\"><span style=\"mso-ascii-font-family: Calibri; mso-fareast-font-family: Calibri; mso-hansi-font-family: Calibri; mso-bidi-font-family: Calibri;\"><span style=\"mso-list: Ignore;\">\u2013<span style=\"font: 7.0pt 'Times New Roman';\">\u00a0\u00a0\u00a0\u00a0\u00a0\u00a0\u00a0 <\/span><\/span><\/span>Gird\u0117jau \u017eod\u012f \u201eauksas\u201c, \u2013 \u0161\u016bkteli jis. Jis entuzijastingas ie\u0161kotojas. Labai nekantrus, ta\u010diau visada u\u017ekre\u010dia gera nuotaika ir nuolat su\u017eadina vaizduot\u0119. Jis visada tikisi ka\u017eko gero <span style=\"font-family: 'Segoe UI Emoji',sans-serif; mso-ascii-font-family: Calibri; mso-ascii-theme-font: minor-latin; mso-hansi-font-family: Calibri; mso-hansi-theme-font: minor-latin; mso-char-type: symbol-ext; mso-symbol-font-family: 'Segoe UI Emoji';\">\ud83d\ude0a<\/span><\/p><p class=\"MsoNormal\">Kasam. Kasam\u2026 Signalas i\u0161ry\u0161k\u0117ja.<\/p><p class=\"MsoListParagraph\" style=\"text-indent: -.25in; mso-list: l0 level1 lfo1;\"><span style=\"mso-ascii-font-family: Calibri; mso-fareast-font-family: Calibri; mso-hansi-font-family: Calibri; mso-bidi-font-family: Calibri;\"><span style=\"mso-list: Ignore;\">\u2013<span style=\"font: 7.0pt 'Times New Roman';\">\u00a0\u00a0\u00a0\u00a0\u00a0\u00a0\u00a0 <\/span><\/span><\/span>Kur m\u016bs\u0173 prakeikti \u201epinpointeriai\u201c, \u2013 piktinam\u0117s. \u2013 Kinai ka\u017ekaip l\u0117tai siun\u010dia.<\/p><p class=\"MsoNormal\">Na, aps\u0117jom ir be to. Radom \u017eenkliuk\u0105. Spaliuk\u0173 ar pionieri\u0173\u2026 Visai nesvarbu. Svarbu naujas radinys. I\u0161silaik\u0119s prastai, ta\u010diau labiau kyla klausimas, kaip jis \u010dia atsirado.<\/p><p class=\"MsoListParagraph\" style=\"text-indent: -.25in; mso-list: l0 level1 lfo1;\"><span style=\"mso-ascii-font-family: Calibri; mso-fareast-font-family: Calibri; mso-hansi-font-family: Calibri; mso-bidi-font-family: Calibri;\"><span style=\"mso-list: Ignore;\">\u2013<span style=\"font: 7.0pt 'Times New Roman';\">\u00a0\u00a0\u00a0\u00a0\u00a0\u00a0\u00a0 <\/span><\/span><\/span>\u010cia anks\u010diau vaikai eidavo \u012f mokykl\u0105. Buvo toks takas padarytas. Vyresni \u017eiem\u0105 eidavo pirmi, kad praminti tak\u0105, o visai ma\u017eiukai \u2013 virtin\u0117s vidury, kad jei kuris \u012fsminga ar pargri\u016bva\u2026 \u017dinai tokie mazgiai ritasi su \u201e\u0161\u016bbom\u201c aprengti\u2026 Anks\u010diau vieni kitus pri\u017ei\u016br\u0117jom, saugojom. Matyt, vienos i\u0161 toki\u0173 kelioni\u0173 metu, \u017eenkliukas ir nukrito\u2026<\/p>\t\t\t\t\t\t\t\t<\/div>\n\t\t\t\t<\/div>\n\t\t\t\t<div class=\"elementor-element elementor-element-d18a176 elementor-widget elementor-widget-image-gallery\" data-id=\"d18a176\" data-element_type=\"widget\" data-e-type=\"widget\" data-widget_type=\"image-gallery.default\">\n\t\t\t\t<div class=\"elementor-widget-container\">\n\t\t\t\t\t\t\t<div class=\"elementor-image-gallery\">\n\t\t\t<div id='gallery-1' class='gallery galleryid-419 gallery-columns-3 gallery-size-large'><figure class='gallery-item'>\n\t\t\t<div class='gallery-icon landscape'>\n\t\t\t\t<a data-elementor-open-lightbox=\"yes\" data-elementor-lightbox-slideshow=\"d18a176\" data-elementor-lightbox-title=\"IMG_20200626_184900\" data-e-action-hash=\"#elementor-action%3Aaction%3Dlightbox%26settings%3DeyJpZCI6NDIxLCJ1cmwiOiJodHRwczpcL1wvbWlzaWphLXN2YWpvbmVzLmx0XC93cC1jb250ZW50XC91cGxvYWRzXC8yMDIwXC8wN1wvSU1HXzIwMjAwNjI2XzE4NDkwMC1zY2FsZWQuanBnIiwic2xpZGVzaG93IjoiZDE4YTE3NiJ9\" href='https:\/\/misija-svajones.lt\/wp-content\/uploads\/2020\/07\/IMG_20200626_184900-scaled.jpg'><img fetchpriority=\"high\" decoding=\"async\" width=\"1024\" height=\"768\" src=\"https:\/\/misija-svajones.lt\/wp-content\/uploads\/2020\/07\/IMG_20200626_184900-1024x768.jpg\" class=\"attachment-large size-large\" alt=\"\" srcset=\"https:\/\/misija-svajones.lt\/wp-content\/uploads\/2020\/07\/IMG_20200626_184900-1024x768.jpg 1024w, https:\/\/misija-svajones.lt\/wp-content\/uploads\/2020\/07\/IMG_20200626_184900-300x225.jpg 300w, https:\/\/misija-svajones.lt\/wp-content\/uploads\/2020\/07\/IMG_20200626_184900-768x576.jpg 768w, https:\/\/misija-svajones.lt\/wp-content\/uploads\/2020\/07\/IMG_20200626_184900-1536x1152.jpg 1536w, https:\/\/misija-svajones.lt\/wp-content\/uploads\/2020\/07\/IMG_20200626_184900-2048x1536.jpg 2048w\" sizes=\"(max-width: 1024px) 100vw, 1024px\" \/><\/a>\n\t\t\t<\/div><\/figure><figure class='gallery-item'>\n\t\t\t<div class='gallery-icon landscape'>\n\t\t\t\t<a data-elementor-open-lightbox=\"yes\" data-elementor-lightbox-slideshow=\"d18a176\" data-elementor-lightbox-title=\"IMG_20200626_190355\" data-e-action-hash=\"#elementor-action%3Aaction%3Dlightbox%26settings%3DeyJpZCI6NDIyLCJ1cmwiOiJodHRwczpcL1wvbWlzaWphLXN2YWpvbmVzLmx0XC93cC1jb250ZW50XC91cGxvYWRzXC8yMDIwXC8wN1wvSU1HXzIwMjAwNjI2XzE5MDM1NS1zY2FsZWQuanBnIiwic2xpZGVzaG93IjoiZDE4YTE3NiJ9\" href='https:\/\/misija-svajones.lt\/wp-content\/uploads\/2020\/07\/IMG_20200626_190355-scaled.jpg'><img decoding=\"async\" width=\"1024\" height=\"768\" src=\"https:\/\/misija-svajones.lt\/wp-content\/uploads\/2020\/07\/IMG_20200626_190355-1024x768.jpg\" class=\"attachment-large size-large\" alt=\"\" srcset=\"https:\/\/misija-svajones.lt\/wp-content\/uploads\/2020\/07\/IMG_20200626_190355-1024x768.jpg 1024w, https:\/\/misija-svajones.lt\/wp-content\/uploads\/2020\/07\/IMG_20200626_190355-300x225.jpg 300w, https:\/\/misija-svajones.lt\/wp-content\/uploads\/2020\/07\/IMG_20200626_190355-768x576.jpg 768w, https:\/\/misija-svajones.lt\/wp-content\/uploads\/2020\/07\/IMG_20200626_190355-1536x1152.jpg 1536w, https:\/\/misija-svajones.lt\/wp-content\/uploads\/2020\/07\/IMG_20200626_190355-2048x1536.jpg 2048w\" sizes=\"(max-width: 1024px) 100vw, 1024px\" \/><\/a>\n\t\t\t<\/div><\/figure><figure class='gallery-item'>\n\t\t\t<div class='gallery-icon landscape'>\n\t\t\t\t<a data-elementor-open-lightbox=\"yes\" data-elementor-lightbox-slideshow=\"d18a176\" data-elementor-lightbox-title=\"IMG_20200626_191752\" data-e-action-hash=\"#elementor-action%3Aaction%3Dlightbox%26settings%3DeyJpZCI6NDIzLCJ1cmwiOiJodHRwczpcL1wvbWlzaWphLXN2YWpvbmVzLmx0XC93cC1jb250ZW50XC91cGxvYWRzXC8yMDIwXC8wN1wvSU1HXzIwMjAwNjI2XzE5MTc1Mi1zY2FsZWQuanBnIiwic2xpZGVzaG93IjoiZDE4YTE3NiJ9\" href='https:\/\/misija-svajones.lt\/wp-content\/uploads\/2020\/07\/IMG_20200626_191752-scaled.jpg'><img decoding=\"async\" width=\"1024\" height=\"768\" src=\"https:\/\/misija-svajones.lt\/wp-content\/uploads\/2020\/07\/IMG_20200626_191752-1024x768.jpg\" class=\"attachment-large size-large\" alt=\"\" srcset=\"https:\/\/misija-svajones.lt\/wp-content\/uploads\/2020\/07\/IMG_20200626_191752-1024x768.jpg 1024w, https:\/\/misija-svajones.lt\/wp-content\/uploads\/2020\/07\/IMG_20200626_191752-300x225.jpg 300w, https:\/\/misija-svajones.lt\/wp-content\/uploads\/2020\/07\/IMG_20200626_191752-768x576.jpg 768w, https:\/\/misija-svajones.lt\/wp-content\/uploads\/2020\/07\/IMG_20200626_191752-1536x1152.jpg 1536w, https:\/\/misija-svajones.lt\/wp-content\/uploads\/2020\/07\/IMG_20200626_191752-2048x1536.jpg 2048w\" sizes=\"(max-width: 1024px) 100vw, 1024px\" \/><\/a>\n\t\t\t<\/div><\/figure><figure class='gallery-item'>\n\t\t\t<div class='gallery-icon landscape'>\n\t\t\t\t<a data-elementor-open-lightbox=\"yes\" data-elementor-lightbox-slideshow=\"d18a176\" data-elementor-lightbox-title=\"dav\" data-e-action-hash=\"#elementor-action%3Aaction%3Dlightbox%26settings%3DeyJpZCI6NDI0LCJ1cmwiOiJodHRwczpcL1wvbWlzaWphLXN2YWpvbmVzLmx0XC93cC1jb250ZW50XC91cGxvYWRzXC8yMDIwXC8wN1wvSU1HXzIwMjAwNjI2XzIwMDUxNy5qcGciLCJzbGlkZXNob3ciOiJkMThhMTc2In0%3D\" href='https:\/\/misija-svajones.lt\/wp-content\/uploads\/2020\/07\/IMG_20200626_200517.jpg'><img loading=\"lazy\" decoding=\"async\" width=\"1024\" height=\"768\" src=\"https:\/\/misija-svajones.lt\/wp-content\/uploads\/2020\/07\/IMG_20200626_200517-1024x768.jpg\" class=\"attachment-large size-large\" alt=\"\" srcset=\"https:\/\/misija-svajones.lt\/wp-content\/uploads\/2020\/07\/IMG_20200626_200517-1024x768.jpg 1024w, https:\/\/misija-svajones.lt\/wp-content\/uploads\/2020\/07\/IMG_20200626_200517-300x225.jpg 300w, https:\/\/misija-svajones.lt\/wp-content\/uploads\/2020\/07\/IMG_20200626_200517-768x576.jpg 768w, https:\/\/misija-svajones.lt\/wp-content\/uploads\/2020\/07\/IMG_20200626_200517-1536x1152.jpg 1536w, https:\/\/misija-svajones.lt\/wp-content\/uploads\/2020\/07\/IMG_20200626_200517-2048x1536.jpg 2048w\" sizes=\"(max-width: 1024px) 100vw, 1024px\" \/><\/a>\n\t\t\t<\/div><\/figure><figure class='gallery-item'>\n\t\t\t<div class='gallery-icon landscape'>\n\t\t\t\t<a data-elementor-open-lightbox=\"yes\" data-elementor-lightbox-slideshow=\"d18a176\" data-elementor-lightbox-title=\"oznorMB\" data-e-action-hash=\"#elementor-action%3Aaction%3Dlightbox%26settings%3DeyJpZCI6NDI1LCJ1cmwiOiJodHRwczpcL1wvbWlzaWphLXN2YWpvbmVzLmx0XC93cC1jb250ZW50XC91cGxvYWRzXC8yMDIwXC8wN1wvSU1HXzIwMjAwNjI2XzIwMDUzMi5qcGciLCJzbGlkZXNob3ciOiJkMThhMTc2In0%3D\" href='https:\/\/misija-svajones.lt\/wp-content\/uploads\/2020\/07\/IMG_20200626_200532.jpg'><img loading=\"lazy\" decoding=\"async\" width=\"1024\" height=\"768\" src=\"https:\/\/misija-svajones.lt\/wp-content\/uploads\/2020\/07\/IMG_20200626_200532-1024x768.jpg\" class=\"attachment-large size-large\" alt=\"\" srcset=\"https:\/\/misija-svajones.lt\/wp-content\/uploads\/2020\/07\/IMG_20200626_200532-1024x768.jpg 1024w, https:\/\/misija-svajones.lt\/wp-content\/uploads\/2020\/07\/IMG_20200626_200532-300x225.jpg 300w, https:\/\/misija-svajones.lt\/wp-content\/uploads\/2020\/07\/IMG_20200626_200532-768x576.jpg 768w, https:\/\/misija-svajones.lt\/wp-content\/uploads\/2020\/07\/IMG_20200626_200532-1536x1152.jpg 1536w, https:\/\/misija-svajones.lt\/wp-content\/uploads\/2020\/07\/IMG_20200626_200532-2048x1536.jpg 2048w\" sizes=\"(max-width: 1024px) 100vw, 1024px\" \/><\/a>\n\t\t\t<\/div><\/figure><figure class='gallery-item'>\n\t\t\t<div class='gallery-icon landscape'>\n\t\t\t\t<a data-elementor-open-lightbox=\"yes\" data-elementor-lightbox-slideshow=\"d18a176\" data-elementor-lightbox-title=\"dav\" data-e-action-hash=\"#elementor-action%3Aaction%3Dlightbox%26settings%3DeyJpZCI6NDI2LCJ1cmwiOiJodHRwczpcL1wvbWlzaWphLXN2YWpvbmVzLmx0XC93cC1jb250ZW50XC91cGxvYWRzXC8yMDIwXC8wN1wvSU1HXzIwMjAwNjI2XzIwMDYxMi5qcGciLCJzbGlkZXNob3ciOiJkMThhMTc2In0%3D\" href='https:\/\/misija-svajones.lt\/wp-content\/uploads\/2020\/07\/IMG_20200626_200612.jpg'><img loading=\"lazy\" decoding=\"async\" width=\"1024\" height=\"768\" src=\"https:\/\/misija-svajones.lt\/wp-content\/uploads\/2020\/07\/IMG_20200626_200612-1024x768.jpg\" class=\"attachment-large size-large\" alt=\"\" srcset=\"https:\/\/misija-svajones.lt\/wp-content\/uploads\/2020\/07\/IMG_20200626_200612-1024x768.jpg 1024w, https:\/\/misija-svajones.lt\/wp-content\/uploads\/2020\/07\/IMG_20200626_200612-300x225.jpg 300w, https:\/\/misija-svajones.lt\/wp-content\/uploads\/2020\/07\/IMG_20200626_200612-768x576.jpg 768w, https:\/\/misija-svajones.lt\/wp-content\/uploads\/2020\/07\/IMG_20200626_200612-1536x1152.jpg 1536w, https:\/\/misija-svajones.lt\/wp-content\/uploads\/2020\/07\/IMG_20200626_200612-2048x1536.jpg 2048w\" sizes=\"(max-width: 1024px) 100vw, 1024px\" \/><\/a>\n\t\t\t<\/div><\/figure>\n\t\t<\/div>\n\t\t<\/div>\n\t\t\t\t\t\t<\/div>\n\t\t\t\t<\/div>\n\t\t\t\t\t<\/div>\n\t\t<\/div>\n\t\t\t\t\t<\/div>\n\t\t<\/section>\n\t\t\t\t<\/div>\n\t\t","protected":false},"excerpt":{"rendered":"<p>Kod\u0117l a\u0161 randu tik nes\u0105mones? \u017denkliukas \u0160i vasara mums be galo d\u0117kinga. Kadangi daug lyja, \u017eem\u0119 kasti pakankamai lengva. Tik b\u0117da, kad sucyps\u0117jus signalui \u0161alia vandens telkinio, tenka gerokai pasimaudyti. O kur dar uodai. Taip\u2026 Taip\u2026 Uodai. Anks\u010diau sakiau, kaip d\u017eiugu, jog j\u0173 \u0161iemet ma\u017eai arba i\u0161 vis n\u0117ra, ta\u010diau, li\u016b\u010di\u0173 sezonui prasid\u0117jus, jie \u0117m\u0117 [&hellip;]<\/p>\n","protected":false},"author":1,"featured_media":425,"parent":372,"menu_order":0,"comment_status":"closed","ping_status":"closed","template":"","meta":{"site-sidebar-layout":"no-sidebar","site-content-layout":"page-builder","ast-site-content-layout":"default","site-content-style":"default","site-sidebar-style":"default","ast-global-header-display":"","ast-banner-title-visibility":"","ast-main-header-display":"","ast-hfb-above-header-display":"","ast-hfb-below-header-display":"","ast-hfb-mobile-header-display":"","site-post-title":"disabled","ast-breadcrumbs-content":"","ast-featured-img":"disabled","footer-sml-layout":"","ast-disable-related-posts":"","theme-transparent-header-meta":"default","adv-header-id-meta":"","stick-header-meta":"","header-above-stick-meta":"","header-main-stick-meta":"","header-below-stick-meta":"","astra-migrate-meta-layouts":"default","ast-page-background-enabled":"default","ast-page-background-meta":{"desktop":{"background-color":"var(--ast-global-color-4)","background-image":"","background-repeat":"repeat","background-position":"center center","background-size":"auto","background-attachment":"scroll","background-type":"","background-media":"","overlay-type":"","overlay-color":"","overlay-opacity":"","overlay-gradient":""},"tablet":{"background-color":"","background-image":"","background-repeat":"repeat","background-position":"center center","background-size":"auto","background-attachment":"scroll","background-type":"","background-media":"","overlay-type":"","overlay-color":"","overlay-opacity":"","overlay-gradient":""},"mobile":{"background-color":"","background-image":"","background-repeat":"repeat","background-position":"center center","background-size":"auto","background-attachment":"scroll","background-type":"","background-media":"","overlay-type":"","overlay-color":"","overlay-opacity":"","overlay-gradient":""}},"ast-content-background-meta":{"desktop":{"background-color":"var(--ast-global-color-5)","background-image":"","background-repeat":"repeat","background-position":"center center","background-size":"auto","background-attachment":"scroll","background-type":"","background-media":"","overlay-type":"","overlay-color":"","overlay-opacity":"","overlay-gradient":""},"tablet":{"background-color":"var(--ast-global-color-5)","background-image":"","background-repeat":"repeat","background-position":"center center","background-size":"auto","background-attachment":"scroll","background-type":"","background-media":"","overlay-type":"","overlay-color":"","overlay-opacity":"","overlay-gradient":""},"mobile":{"background-color":"var(--ast-global-color-5)","background-image":"","background-repeat":"repeat","background-position":"center center","background-size":"auto","background-attachment":"scroll","background-type":"","background-media":"","overlay-type":"","overlay-color":"","overlay-opacity":"","overlay-gradient":""}},"footnotes":""},"class_list":["post-419","page","type-page","status-publish","has-post-thumbnail","hentry"],"_links":{"self":[{"href":"https:\/\/misija-svajones.lt\/index.php\/wp-json\/wp\/v2\/pages\/419","targetHints":{"allow":["GET"]}}],"collection":[{"href":"https:\/\/misija-svajones.lt\/index.php\/wp-json\/wp\/v2\/pages"}],"about":[{"href":"https:\/\/misija-svajones.lt\/index.php\/wp-json\/wp\/v2\/types\/page"}],"author":[{"embeddable":true,"href":"https:\/\/misija-svajones.lt\/index.php\/wp-json\/wp\/v2\/users\/1"}],"replies":[{"embeddable":true,"href":"https:\/\/misija-svajones.lt\/index.php\/wp-json\/wp\/v2\/comments?post=419"}],"version-history":[{"count":4,"href":"https:\/\/misija-svajones.lt\/index.php\/wp-json\/wp\/v2\/pages\/419\/revisions"}],"predecessor-version":[{"id":430,"href":"https:\/\/misija-svajones.lt\/index.php\/wp-json\/wp\/v2\/pages\/419\/revisions\/430"}],"up":[{"embeddable":true,"href":"https:\/\/misija-svajones.lt\/index.php\/wp-json\/wp\/v2\/pages\/372"}],"wp:featuredmedia":[{"embeddable":true,"href":"https:\/\/misija-svajones.lt\/index.php\/wp-json\/wp\/v2\/media\/425"}],"wp:attachment":[{"href":"https:\/\/misija-svajones.lt\/index.php\/wp-json\/wp\/v2\/media?parent=419"}],"curies":[{"name":"wp","href":"https:\/\/api.w.org\/{rel}","templated":true}]}}