{"id":401,"date":"2020-07-17T08:46:30","date_gmt":"2020-07-17T08:46:30","guid":{"rendered":"http:\/\/misija-svajones.lt\/?page_id=401"},"modified":"2020-07-17T08:55:21","modified_gmt":"2020-07-17T08:55:21","slug":"moneta","status":"publish","type":"page","link":"https:\/\/misija-svajones.lt\/index.php\/veiklos\/detektoriai\/moneta\/","title":{"rendered":"moneta"},"content":{"rendered":"\t\t<div data-elementor-type=\"wp-page\" data-elementor-id=\"401\" class=\"elementor elementor-401\">\n\t\t\t\t\t\t<section class=\"has_eae_slider elementor-section elementor-top-section elementor-element elementor-element-538b7a0 elementor-section-full_width elementor-section-content-bottom elementor-section-height-default elementor-section-height-default\" data-eae-slider=\"46433\" data-id=\"538b7a0\" data-element_type=\"section\" data-e-type=\"section\" data-settings=\"{&quot;background_background&quot;:&quot;classic&quot;}\">\n\t\t\t\t\t\t\t<div class=\"elementor-background-overlay\"><\/div>\n\t\t\t\t\t\t\t<div class=\"elementor-container elementor-column-gap-no\">\n\t\t\t\t\t<div class=\"has_eae_slider elementor-column elementor-col-100 elementor-top-column elementor-element elementor-element-f1d8e38\" data-eae-slider=\"5812\" data-id=\"f1d8e38\" data-element_type=\"column\" data-e-type=\"column\">\n\t\t\t<div class=\"elementor-widget-wrap elementor-element-populated\">\n\t\t\t\t\t\t<div class=\"elementor-element elementor-element-da476ea elementor-widget elementor-widget-heading\" data-id=\"da476ea\" data-element_type=\"widget\" data-e-type=\"widget\" data-widget_type=\"heading.default\">\n\t\t\t\t<div class=\"elementor-widget-container\">\n\t\t\t\t\t<h1 class=\"elementor-heading-title elementor-size-default\">Pirmoji moneta<\/h1>\t\t\t\t<\/div>\n\t\t\t\t<\/div>\n\t\t\t\t\t<\/div>\n\t\t<\/div>\n\t\t\t\t\t<\/div>\n\t\t<\/section>\n\t\t\t\t<section class=\"has_eae_slider elementor-section elementor-top-section elementor-element elementor-element-a325f1c elementor-section-boxed elementor-section-height-default elementor-section-height-default\" data-eae-slider=\"18702\" data-id=\"a325f1c\" data-element_type=\"section\" data-e-type=\"section\">\n\t\t\t\t\t\t<div class=\"elementor-container elementor-column-gap-default\">\n\t\t\t\t\t<div class=\"has_eae_slider elementor-column elementor-col-100 elementor-top-column elementor-element elementor-element-da298aa\" data-eae-slider=\"24778\" data-id=\"da298aa\" data-element_type=\"column\" data-e-type=\"column\">\n\t\t\t<div class=\"elementor-widget-wrap elementor-element-populated\">\n\t\t\t\t\t\t<div class=\"elementor-element elementor-element-76f0703 elementor-widget elementor-widget-text-editor\" data-id=\"76f0703\" data-element_type=\"widget\" data-e-type=\"widget\" data-widget_type=\"text-editor.default\">\n\t\t\t\t<div class=\"elementor-widget-container\">\n\t\t\t\t\t\t\t\t\t<div class=\"elementor-element elementor-element-c7e585c elementor-widget elementor-widget-text-editor\" data-id=\"c7e585c\" data-element_type=\"widget\" data-widget_type=\"text-editor.default\"><div class=\"elementor-widget-container\"><div class=\"elementor-text-editor elementor-clearfix\"><p>Antra ekspedicija prasid\u0117jo v\u0117lyv\u0105 penktadienio popiet\u0119. Saul\u0117 dar buvo auk\u0161tai horizonte, termometro stulpelis rod\u0117 +28, danguje n\u0117 debes\u0117lio, o mes kastuv\u0105 \u012f rankas, metalo detektorius ant peties, vandens ir obuoli\u0173 ir \u012f paie\u0161kas.<\/p><p>Pieva buvo apdirbta, tod\u0117l kasti nebuvo sud\u0117tinga (<i>plius pora savai\u010di\u0173 kas antr\u0105 dien\u0105 lyja<\/i>), ta\u010diau vos tik pajudinome \u017eem\u0119, pajutome tvaik\u0173 kvap\u0105.<\/p><p style=\"padding-left: 40px;\">\u2013 Dar bus bajeris, lavon\u0105 rasim, \u2013 suriko vienas.<\/p><p style=\"padding-left: 40px;\">\u2013 Ka\u017ekur \u010dia karv\u0119 seneliai buvo pakas\u0119, \u2013 pam\u0105st\u0117 antras (<i>ai\u0161ku, u\u017ekas\u0117 prie\u0161 gerus 20 met\u0173, bet kaip prisimenu savo archeologinius kasin\u0117jimus, net I-o pasaulinio karo kario palaikus atkasus ir atv\u0117rus odinius batus, kvapas buvo geras<\/i>).<\/p><p>Nebijokite, lavon\u0173 neradome, nors pora neai\u0161ki\u0173 kaul\u0173 m\u0117t\u0117si lauke, o ir \u201clenci\u016bgiuk\u0105\u201d nema\u017e\u0105 i\u0161traukiau. Vis d\u0117lto, v\u0117liau, i\u0161siai\u0161kinome, kad m\u016bs\u0173 menama karv\u0117 visai kitame plote palaidota, ta\u010diau ten bus kitos ekspedicijos vieta. A\u0161 vis dar tikiuosi j\u0105 atkasti ar bent jau surasti.<\/p><p style=\"padding-left: 40px;\">\u2013 Forumuose visi dalijasi monet\u0173 nuotraukomis, \u2013 \u0117m\u0117me kalb\u0117tis. \u2013 Ka\u017ekas ra\u0161\u0117, kad tik po met\u0173 pasivaik\u0161\u010diojim\u0173 savo pirm\u0105j\u0105 rado. Ir ta, litas. Ka\u017ein, kiek mes u\u017etruksim\u2026?<\/p><p>Su tais \u017eod\u017eiais supyps\u0117jo detektorius. <i>Ok<\/i>, lenkiam\u0117s ir kasam\u2026 Vis dar pypsi\u2026 o, \u017emogau! Moneta!\u00a0 Ir tikrai visai nesvarbu, kad 1961 m. 20 kapeik\u0173, svarbu tas jausmas, kad radai. Antra ekspedicija ir tu radai. Kiek emocij\u0173!!!<\/p><p>Dabar suprantu, kod\u0117l \u017emon\u0117s u\u017esikabina u\u017e \u0161ios veiklos. Pypt\u2026 Detektoriaus signalas. O kas ten? Ne\u017einomyb\u0117. Tu kasi, tikrini signal\u0105. Ir realiai visai nesvarbu, kad ne lob\u012f i\u0161kasei, o tik kultivatoriaus virbal\u0105. Tas jausmas, kai atskleid\u017eiama tiesa.<\/p><p style=\"padding-left: 40px;\">\u2013 O kod\u0117l tavo radiniai, tokie dideli? \u2013 piktinasi. \u2013 Pas mane tik vinys ir <i>gel\u017egaliukai<\/i>. Po velniais! Kas \u010dia per? Tu labai netrankyk, gal sprogs\u2026 (ne, nesprogo ir net nebuvo pana\u0161u, kad taip nutiks. Joki\u0173 \u012ftais\u0173 neradome).<\/p><p>\u00a0<\/p><p><b>Patarimas<\/b> \u2013 jei labai kar\u0161ta, pasiimkite kuo nusivalyti veid\u0105, nes tie prakaito upeliai tiesiog \u017eudo malonum\u0105 (<i>nepadeda nei kepur\u0117s, nei skaros<\/i>). \u010cia, kaip tas posakis \u201cgyveni ir mokaisi\u201d\u2026<\/p><p>Ai\u0161ku, patyr\u0119s ie\u0161kotojas juoksis skaitydamas m\u016bs\u0173 patarimus, o mums visa tai labai nauja ir savo kailiu patiriame ir i\u0161gyvename visus i\u0161\u0161\u016bkius. D\u017eiaugiam\u0117s, kad dar nesusid\u016br\u0117me su uod\u0173 debesimis (<i>prisimenate tok\u012f \u017eaidim\u0105 Diablo II, kur j\u016bs\u0173 herojus turi \u201cprasikapoti\u201d pro vabal\u0173 debesis po\u017eemiuose?<\/i>).<\/p><p>Iki kito karto \ud83d\ude42<\/p><\/div><\/div><\/div>\t\t\t\t\t\t\t\t<\/div>\n\t\t\t\t<\/div>\n\t\t\t\t<div class=\"elementor-element elementor-element-47dc716 elementor-widget elementor-widget-image-gallery\" data-id=\"47dc716\" data-element_type=\"widget\" data-e-type=\"widget\" data-widget_type=\"image-gallery.default\">\n\t\t\t\t<div class=\"elementor-widget-container\">\n\t\t\t\t\t\t\t<div class=\"elementor-image-gallery\">\n\t\t\t<div id='gallery-1' class='gallery galleryid-401 gallery-columns-3 gallery-size-large'><figure class='gallery-item'>\n\t\t\t<div class='gallery-icon landscape'>\n\t\t\t\t<a data-elementor-open-lightbox=\"yes\" data-elementor-lightbox-slideshow=\"47dc716\" data-elementor-lightbox-title=\"IMG_20200612_192127\" data-e-action-hash=\"#elementor-action%3Aaction%3Dlightbox%26settings%3DeyJpZCI6NDA1LCJ1cmwiOiJodHRwczpcL1wvbWlzaWphLXN2YWpvbmVzLmx0XC93cC1jb250ZW50XC91cGxvYWRzXC8yMDIwXC8wN1wvSU1HXzIwMjAwNjEyXzE5MjEyNy0xLXNjYWxlZC5qcGciLCJzbGlkZXNob3ciOiI0N2RjNzE2In0%3D\" href='https:\/\/misija-svajones.lt\/wp-content\/uploads\/2020\/07\/IMG_20200612_192127-1-scaled.jpg'><img fetchpriority=\"high\" decoding=\"async\" width=\"1024\" height=\"768\" src=\"https:\/\/misija-svajones.lt\/wp-content\/uploads\/2020\/07\/IMG_20200612_192127-1-1024x768.jpg\" class=\"attachment-large size-large\" alt=\"\" srcset=\"https:\/\/misija-svajones.lt\/wp-content\/uploads\/2020\/07\/IMG_20200612_192127-1-1024x768.jpg 1024w, https:\/\/misija-svajones.lt\/wp-content\/uploads\/2020\/07\/IMG_20200612_192127-1-300x225.jpg 300w, https:\/\/misija-svajones.lt\/wp-content\/uploads\/2020\/07\/IMG_20200612_192127-1-768x576.jpg 768w, https:\/\/misija-svajones.lt\/wp-content\/uploads\/2020\/07\/IMG_20200612_192127-1-1536x1152.jpg 1536w, https:\/\/misija-svajones.lt\/wp-content\/uploads\/2020\/07\/IMG_20200612_192127-1-2048x1536.jpg 2048w\" sizes=\"(max-width: 1024px) 100vw, 1024px\" \/><\/a>\n\t\t\t<\/div><\/figure><figure class='gallery-item'>\n\t\t\t<div class='gallery-icon landscape'>\n\t\t\t\t<a data-elementor-open-lightbox=\"yes\" data-elementor-lightbox-slideshow=\"47dc716\" data-elementor-lightbox-title=\"IMG_20200612_195957\" data-e-action-hash=\"#elementor-action%3Aaction%3Dlightbox%26settings%3DeyJpZCI6NDA2LCJ1cmwiOiJodHRwczpcL1wvbWlzaWphLXN2YWpvbmVzLmx0XC93cC1jb250ZW50XC91cGxvYWRzXC8yMDIwXC8wN1wvSU1HXzIwMjAwNjEyXzE5NTk1Ny1zY2FsZWQuanBnIiwic2xpZGVzaG93IjoiNDdkYzcxNiJ9\" href='https:\/\/misija-svajones.lt\/wp-content\/uploads\/2020\/07\/IMG_20200612_195957-scaled.jpg'><img decoding=\"async\" width=\"1024\" height=\"768\" src=\"https:\/\/misija-svajones.lt\/wp-content\/uploads\/2020\/07\/IMG_20200612_195957-1024x768.jpg\" class=\"attachment-large size-large\" alt=\"\" srcset=\"https:\/\/misija-svajones.lt\/wp-content\/uploads\/2020\/07\/IMG_20200612_195957-1024x768.jpg 1024w, https:\/\/misija-svajones.lt\/wp-content\/uploads\/2020\/07\/IMG_20200612_195957-300x225.jpg 300w, https:\/\/misija-svajones.lt\/wp-content\/uploads\/2020\/07\/IMG_20200612_195957-768x576.jpg 768w, https:\/\/misija-svajones.lt\/wp-content\/uploads\/2020\/07\/IMG_20200612_195957-1536x1152.jpg 1536w, https:\/\/misija-svajones.lt\/wp-content\/uploads\/2020\/07\/IMG_20200612_195957-2048x1536.jpg 2048w\" sizes=\"(max-width: 1024px) 100vw, 1024px\" \/><\/a>\n\t\t\t<\/div><\/figure><figure class='gallery-item'>\n\t\t\t<div class='gallery-icon landscape'>\n\t\t\t\t<a data-elementor-open-lightbox=\"yes\" data-elementor-lightbox-slideshow=\"47dc716\" data-elementor-lightbox-title=\"IMG_20200612_200023\" data-e-action-hash=\"#elementor-action%3Aaction%3Dlightbox%26settings%3DeyJpZCI6NDA3LCJ1cmwiOiJodHRwczpcL1wvbWlzaWphLXN2YWpvbmVzLmx0XC93cC1jb250ZW50XC91cGxvYWRzXC8yMDIwXC8wN1wvSU1HXzIwMjAwNjEyXzIwMDAyMy1zY2FsZWQuanBnIiwic2xpZGVzaG93IjoiNDdkYzcxNiJ9\" href='https:\/\/misija-svajones.lt\/wp-content\/uploads\/2020\/07\/IMG_20200612_200023-scaled.jpg'><img decoding=\"async\" width=\"1024\" height=\"768\" src=\"https:\/\/misija-svajones.lt\/wp-content\/uploads\/2020\/07\/IMG_20200612_200023-1024x768.jpg\" class=\"attachment-large size-large\" alt=\"\" srcset=\"https:\/\/misija-svajones.lt\/wp-content\/uploads\/2020\/07\/IMG_20200612_200023-1024x768.jpg 1024w, https:\/\/misija-svajones.lt\/wp-content\/uploads\/2020\/07\/IMG_20200612_200023-300x225.jpg 300w, https:\/\/misija-svajones.lt\/wp-content\/uploads\/2020\/07\/IMG_20200612_200023-768x576.jpg 768w, https:\/\/misija-svajones.lt\/wp-content\/uploads\/2020\/07\/IMG_20200612_200023-1536x1152.jpg 1536w, https:\/\/misija-svajones.lt\/wp-content\/uploads\/2020\/07\/IMG_20200612_200023-2048x1536.jpg 2048w\" sizes=\"(max-width: 1024px) 100vw, 1024px\" \/><\/a>\n\t\t\t<\/div><\/figure><figure class='gallery-item'>\n\t\t\t<div class='gallery-icon landscape'>\n\t\t\t\t<a data-elementor-open-lightbox=\"yes\" data-elementor-lightbox-slideshow=\"47dc716\" data-elementor-lightbox-title=\"IMG_20200612_201333\" data-e-action-hash=\"#elementor-action%3Aaction%3Dlightbox%26settings%3DeyJpZCI6NDA4LCJ1cmwiOiJodHRwczpcL1wvbWlzaWphLXN2YWpvbmVzLmx0XC93cC1jb250ZW50XC91cGxvYWRzXC8yMDIwXC8wN1wvSU1HXzIwMjAwNjEyXzIwMTMzMy1zY2FsZWQuanBnIiwic2xpZGVzaG93IjoiNDdkYzcxNiJ9\" href='https:\/\/misija-svajones.lt\/wp-content\/uploads\/2020\/07\/IMG_20200612_201333-scaled.jpg'><img loading=\"lazy\" decoding=\"async\" width=\"1024\" height=\"768\" src=\"https:\/\/misija-svajones.lt\/wp-content\/uploads\/2020\/07\/IMG_20200612_201333-1024x768.jpg\" class=\"attachment-large size-large\" alt=\"\" srcset=\"https:\/\/misija-svajones.lt\/wp-content\/uploads\/2020\/07\/IMG_20200612_201333-1024x768.jpg 1024w, https:\/\/misija-svajones.lt\/wp-content\/uploads\/2020\/07\/IMG_20200612_201333-300x225.jpg 300w, https:\/\/misija-svajones.lt\/wp-content\/uploads\/2020\/07\/IMG_20200612_201333-768x576.jpg 768w, https:\/\/misija-svajones.lt\/wp-content\/uploads\/2020\/07\/IMG_20200612_201333-1536x1152.jpg 1536w, https:\/\/misija-svajones.lt\/wp-content\/uploads\/2020\/07\/IMG_20200612_201333-2048x1536.jpg 2048w\" sizes=\"(max-width: 1024px) 100vw, 1024px\" \/><\/a>\n\t\t\t<\/div><\/figure><figure class='gallery-item'>\n\t\t\t<div class='gallery-icon landscape'>\n\t\t\t\t<a data-elementor-open-lightbox=\"yes\" data-elementor-lightbox-slideshow=\"47dc716\" data-elementor-lightbox-title=\"IMG_20200612_201343\" data-e-action-hash=\"#elementor-action%3Aaction%3Dlightbox%26settings%3DeyJpZCI6NDA5LCJ1cmwiOiJodHRwczpcL1wvbWlzaWphLXN2YWpvbmVzLmx0XC93cC1jb250ZW50XC91cGxvYWRzXC8yMDIwXC8wN1wvSU1HXzIwMjAwNjEyXzIwMTM0My1zY2FsZWQuanBnIiwic2xpZGVzaG93IjoiNDdkYzcxNiJ9\" href='https:\/\/misija-svajones.lt\/wp-content\/uploads\/2020\/07\/IMG_20200612_201343-scaled.jpg'><img loading=\"lazy\" decoding=\"async\" width=\"1024\" height=\"768\" src=\"https:\/\/misija-svajones.lt\/wp-content\/uploads\/2020\/07\/IMG_20200612_201343-1024x768.jpg\" class=\"attachment-large size-large\" alt=\"\" srcset=\"https:\/\/misija-svajones.lt\/wp-content\/uploads\/2020\/07\/IMG_20200612_201343-1024x768.jpg 1024w, https:\/\/misija-svajones.lt\/wp-content\/uploads\/2020\/07\/IMG_20200612_201343-300x225.jpg 300w, https:\/\/misija-svajones.lt\/wp-content\/uploads\/2020\/07\/IMG_20200612_201343-768x576.jpg 768w, https:\/\/misija-svajones.lt\/wp-content\/uploads\/2020\/07\/IMG_20200612_201343-1536x1152.jpg 1536w, https:\/\/misija-svajones.lt\/wp-content\/uploads\/2020\/07\/IMG_20200612_201343-2048x1536.jpg 2048w\" sizes=\"(max-width: 1024px) 100vw, 1024px\" \/><\/a>\n\t\t\t<\/div><\/figure><figure class='gallery-item'>\n\t\t\t<div class='gallery-icon landscape'>\n\t\t\t\t<a data-elementor-open-lightbox=\"yes\" data-elementor-lightbox-slideshow=\"47dc716\" data-elementor-lightbox-title=\"IMG_20200612_204507\" data-e-action-hash=\"#elementor-action%3Aaction%3Dlightbox%26settings%3DeyJpZCI6NDEwLCJ1cmwiOiJodHRwczpcL1wvbWlzaWphLXN2YWpvbmVzLmx0XC93cC1jb250ZW50XC91cGxvYWRzXC8yMDIwXC8wN1wvSU1HXzIwMjAwNjEyXzIwNDUwNy1zY2FsZWQuanBnIiwic2xpZGVzaG93IjoiNDdkYzcxNiJ9\" href='https:\/\/misija-svajones.lt\/wp-content\/uploads\/2020\/07\/IMG_20200612_204507-scaled.jpg'><img loading=\"lazy\" decoding=\"async\" width=\"1024\" height=\"768\" src=\"https:\/\/misija-svajones.lt\/wp-content\/uploads\/2020\/07\/IMG_20200612_204507-1024x768.jpg\" class=\"attachment-large size-large\" alt=\"\" srcset=\"https:\/\/misija-svajones.lt\/wp-content\/uploads\/2020\/07\/IMG_20200612_204507-1024x768.jpg 1024w, https:\/\/misija-svajones.lt\/wp-content\/uploads\/2020\/07\/IMG_20200612_204507-300x225.jpg 300w, https:\/\/misija-svajones.lt\/wp-content\/uploads\/2020\/07\/IMG_20200612_204507-768x576.jpg 768w, https:\/\/misija-svajones.lt\/wp-content\/uploads\/2020\/07\/IMG_20200612_204507-1536x1152.jpg 1536w, https:\/\/misija-svajones.lt\/wp-content\/uploads\/2020\/07\/IMG_20200612_204507-2048x1536.jpg 2048w\" sizes=\"(max-width: 1024px) 100vw, 1024px\" \/><\/a>\n\t\t\t<\/div><\/figure><figure class='gallery-item'>\n\t\t\t<div class='gallery-icon landscape'>\n\t\t\t\t<a data-elementor-open-lightbox=\"yes\" data-elementor-lightbox-slideshow=\"47dc716\" data-elementor-lightbox-title=\"dav\" data-e-action-hash=\"#elementor-action%3Aaction%3Dlightbox%26settings%3DeyJpZCI6NDExLCJ1cmwiOiJodHRwczpcL1wvbWlzaWphLXN2YWpvbmVzLmx0XC93cC1jb250ZW50XC91cGxvYWRzXC8yMDIwXC8wN1wvSU1HXzIwMjAwNjEyXzIyMTMwNi5qcGciLCJzbGlkZXNob3ciOiI0N2RjNzE2In0%3D\" href='https:\/\/misija-svajones.lt\/wp-content\/uploads\/2020\/07\/IMG_20200612_221306.jpg'><img loading=\"lazy\" decoding=\"async\" width=\"1024\" height=\"689\" src=\"https:\/\/misija-svajones.lt\/wp-content\/uploads\/2020\/07\/IMG_20200612_221306-1024x689.jpg\" class=\"attachment-large size-large\" alt=\"\" srcset=\"https:\/\/misija-svajones.lt\/wp-content\/uploads\/2020\/07\/IMG_20200612_221306-1024x689.jpg 1024w, https:\/\/misija-svajones.lt\/wp-content\/uploads\/2020\/07\/IMG_20200612_221306-300x202.jpg 300w, https:\/\/misija-svajones.lt\/wp-content\/uploads\/2020\/07\/IMG_20200612_221306-768x516.jpg 768w, https:\/\/misija-svajones.lt\/wp-content\/uploads\/2020\/07\/IMG_20200612_221306-1536x1033.jpg 1536w, https:\/\/misija-svajones.lt\/wp-content\/uploads\/2020\/07\/IMG_20200612_221306-2048x1377.jpg 2048w\" sizes=\"(max-width: 1024px) 100vw, 1024px\" \/><\/a>\n\t\t\t<\/div><\/figure><figure class='gallery-item'>\n\t\t\t<div class='gallery-icon landscape'>\n\t\t\t\t<a data-elementor-open-lightbox=\"yes\" data-elementor-lightbox-slideshow=\"47dc716\" data-elementor-lightbox-title=\"dav\" data-e-action-hash=\"#elementor-action%3Aaction%3Dlightbox%26settings%3DeyJpZCI6NDEyLCJ1cmwiOiJodHRwczpcL1wvbWlzaWphLXN2YWpvbmVzLmx0XC93cC1jb250ZW50XC91cGxvYWRzXC8yMDIwXC8wN1wvSU1HXzIwMjAwNjEyXzIyMTM0MS5qcGciLCJzbGlkZXNob3ciOiI0N2RjNzE2In0%3D\" href='https:\/\/misija-svajones.lt\/wp-content\/uploads\/2020\/07\/IMG_20200612_221341.jpg'><img loading=\"lazy\" decoding=\"async\" width=\"1024\" height=\"768\" src=\"https:\/\/misija-svajones.lt\/wp-content\/uploads\/2020\/07\/IMG_20200612_221341-1024x768.jpg\" class=\"attachment-large size-large\" alt=\"\" srcset=\"https:\/\/misija-svajones.lt\/wp-content\/uploads\/2020\/07\/IMG_20200612_221341-1024x768.jpg 1024w, https:\/\/misija-svajones.lt\/wp-content\/uploads\/2020\/07\/IMG_20200612_221341-300x225.jpg 300w, https:\/\/misija-svajones.lt\/wp-content\/uploads\/2020\/07\/IMG_20200612_221341-768x576.jpg 768w, https:\/\/misija-svajones.lt\/wp-content\/uploads\/2020\/07\/IMG_20200612_221341-1536x1152.jpg 1536w, https:\/\/misija-svajones.lt\/wp-content\/uploads\/2020\/07\/IMG_20200612_221341-2048x1536.jpg 2048w\" sizes=\"(max-width: 1024px) 100vw, 1024px\" \/><\/a>\n\t\t\t<\/div><\/figure><figure class='gallery-item'>\n\t\t\t<div class='gallery-icon landscape'>\n\t\t\t\t<a data-elementor-open-lightbox=\"yes\" data-elementor-lightbox-slideshow=\"47dc716\" data-elementor-lightbox-title=\"dav\" data-e-action-hash=\"#elementor-action%3Aaction%3Dlightbox%26settings%3DeyJpZCI6NDEzLCJ1cmwiOiJodHRwczpcL1wvbWlzaWphLXN2YWpvbmVzLmx0XC93cC1jb250ZW50XC91cGxvYWRzXC8yMDIwXC8wN1wvSU1HXzIwMjAwNjEyXzIyMTUxMS0xLmpwZyIsInNsaWRlc2hvdyI6IjQ3ZGM3MTYifQ%3D%3D\" href='https:\/\/misija-svajones.lt\/wp-content\/uploads\/2020\/07\/IMG_20200612_221511-1.jpg'><img loading=\"lazy\" decoding=\"async\" width=\"1024\" height=\"768\" src=\"https:\/\/misija-svajones.lt\/wp-content\/uploads\/2020\/07\/IMG_20200612_221511-1-1024x768.jpg\" class=\"attachment-large size-large\" alt=\"\" srcset=\"https:\/\/misija-svajones.lt\/wp-content\/uploads\/2020\/07\/IMG_20200612_221511-1-1024x768.jpg 1024w, https:\/\/misija-svajones.lt\/wp-content\/uploads\/2020\/07\/IMG_20200612_221511-1-300x225.jpg 300w, https:\/\/misija-svajones.lt\/wp-content\/uploads\/2020\/07\/IMG_20200612_221511-1-768x576.jpg 768w, https:\/\/misija-svajones.lt\/wp-content\/uploads\/2020\/07\/IMG_20200612_221511-1-1536x1152.jpg 1536w, https:\/\/misija-svajones.lt\/wp-content\/uploads\/2020\/07\/IMG_20200612_221511-1-2048x1536.jpg 2048w\" sizes=\"(max-width: 1024px) 100vw, 1024px\" \/><\/a>\n\t\t\t<\/div><\/figure>\n\t\t<\/div>\n\t\t<\/div>\n\t\t\t\t\t\t<\/div>\n\t\t\t\t<\/div>\n\t\t\t\t\t<\/div>\n\t\t<\/div>\n\t\t\t\t\t<\/div>\n\t\t<\/section>\n\t\t\t\t<\/div>\n\t\t","protected":false},"excerpt":{"rendered":"<p>Pirmoji moneta Antra ekspedicija prasid\u0117jo v\u0117lyv\u0105 penktadienio popiet\u0119. Saul\u0117 dar buvo auk\u0161tai horizonte, termometro stulpelis rod\u0117 +28, danguje n\u0117 debes\u0117lio, o mes kastuv\u0105 \u012f rankas, metalo detektorius ant peties, vandens ir obuoli\u0173 ir \u012f paie\u0161kas. Pieva buvo apdirbta, tod\u0117l kasti nebuvo sud\u0117tinga (plius pora savai\u010di\u0173 kas antr\u0105 dien\u0105 lyja), ta\u010diau vos tik pajudinome \u017eem\u0119, pajutome [&hellip;]<\/p>\n","protected":false},"author":1,"featured_media":0,"parent":372,"menu_order":0,"comment_status":"closed","ping_status":"closed","template":"","meta":{"site-sidebar-layout":"no-sidebar","site-content-layout":"page-builder","ast-site-content-layout":"default","site-content-style":"default","site-sidebar-style":"default","ast-global-header-display":"","ast-banner-title-visibility":"","ast-main-header-display":"","ast-hfb-above-header-display":"","ast-hfb-below-header-display":"","ast-hfb-mobile-header-display":"","site-post-title":"disabled","ast-breadcrumbs-content":"","ast-featured-img":"disabled","footer-sml-layout":"","ast-disable-related-posts":"","theme-transparent-header-meta":"","adv-header-id-meta":"","stick-header-meta":"","header-above-stick-meta":"","header-main-stick-meta":"","header-below-stick-meta":"","astra-migrate-meta-layouts":"default","ast-page-background-enabled":"default","ast-page-background-meta":{"desktop":{"background-color":"var(--ast-global-color-4)","background-image":"","background-repeat":"repeat","background-position":"center center","background-size":"auto","background-attachment":"scroll","background-type":"","background-media":"","overlay-type":"","overlay-color":"","overlay-opacity":"","overlay-gradient":""},"tablet":{"background-color":"","background-image":"","background-repeat":"repeat","background-position":"center center","background-size":"auto","background-attachment":"scroll","background-type":"","background-media":"","overlay-type":"","overlay-color":"","overlay-opacity":"","overlay-gradient":""},"mobile":{"background-color":"","background-image":"","background-repeat":"repeat","background-position":"center center","background-size":"auto","background-attachment":"scroll","background-type":"","background-media":"","overlay-type":"","overlay-color":"","overlay-opacity":"","overlay-gradient":""}},"ast-content-background-meta":{"desktop":{"background-color":"var(--ast-global-color-5)","background-image":"","background-repeat":"repeat","background-position":"center center","background-size":"auto","background-attachment":"scroll","background-type":"","background-media":"","overlay-type":"","overlay-color":"","overlay-opacity":"","overlay-gradient":""},"tablet":{"background-color":"var(--ast-global-color-5)","background-image":"","background-repeat":"repeat","background-position":"center center","background-size":"auto","background-attachment":"scroll","background-type":"","background-media":"","overlay-type":"","overlay-color":"","overlay-opacity":"","overlay-gradient":""},"mobile":{"background-color":"var(--ast-global-color-5)","background-image":"","background-repeat":"repeat","background-position":"center center","background-size":"auto","background-attachment":"scroll","background-type":"","background-media":"","overlay-type":"","overlay-color":"","overlay-opacity":"","overlay-gradient":""}},"footnotes":""},"class_list":["post-401","page","type-page","status-publish","hentry"],"_links":{"self":[{"href":"https:\/\/misija-svajones.lt\/index.php\/wp-json\/wp\/v2\/pages\/401","targetHints":{"allow":["GET"]}}],"collection":[{"href":"https:\/\/misija-svajones.lt\/index.php\/wp-json\/wp\/v2\/pages"}],"about":[{"href":"https:\/\/misija-svajones.lt\/index.php\/wp-json\/wp\/v2\/types\/page"}],"author":[{"embeddable":true,"href":"https:\/\/misija-svajones.lt\/index.php\/wp-json\/wp\/v2\/users\/1"}],"replies":[{"embeddable":true,"href":"https:\/\/misija-svajones.lt\/index.php\/wp-json\/wp\/v2\/comments?post=401"}],"version-history":[{"count":4,"href":"https:\/\/misija-svajones.lt\/index.php\/wp-json\/wp\/v2\/pages\/401\/revisions"}],"predecessor-version":[{"id":415,"href":"https:\/\/misija-svajones.lt\/index.php\/wp-json\/wp\/v2\/pages\/401\/revisions\/415"}],"up":[{"embeddable":true,"href":"https:\/\/misija-svajones.lt\/index.php\/wp-json\/wp\/v2\/pages\/372"}],"wp:attachment":[{"href":"https:\/\/misija-svajones.lt\/index.php\/wp-json\/wp\/v2\/media?parent=401"}],"curies":[{"name":"wp","href":"https:\/\/api.w.org\/{rel}","templated":true}]}}