{"id":381,"date":"2020-07-17T08:25:02","date_gmt":"2020-07-17T08:25:02","guid":{"rendered":"http:\/\/misija-svajones.lt\/?page_id=381"},"modified":"2020-07-17T08:44:17","modified_gmt":"2020-07-17T08:44:17","slug":"lobis","status":"publish","type":"page","link":"https:\/\/misija-svajones.lt\/index.php\/veiklos\/detektoriai\/lobis\/","title":{"rendered":"lobis"},"content":{"rendered":"\t\t<div data-elementor-type=\"wp-page\" data-elementor-id=\"381\" class=\"elementor elementor-381\">\n\t\t\t\t\t\t<section class=\"has_eae_slider elementor-section elementor-top-section elementor-element elementor-element-4343a34 elementor-section-full_width elementor-section-content-bottom elementor-section-height-default elementor-section-height-default\" data-eae-slider=\"17286\" data-id=\"4343a34\" data-element_type=\"section\" data-e-type=\"section\" data-settings=\"{&quot;background_background&quot;:&quot;classic&quot;}\">\n\t\t\t\t\t\t\t<div class=\"elementor-background-overlay\"><\/div>\n\t\t\t\t\t\t\t<div class=\"elementor-container elementor-column-gap-no\">\n\t\t\t\t\t<div class=\"has_eae_slider elementor-column elementor-col-100 elementor-top-column elementor-element elementor-element-eb9ae65\" data-eae-slider=\"78236\" data-id=\"eb9ae65\" data-element_type=\"column\" data-e-type=\"column\">\n\t\t\t<div class=\"elementor-widget-wrap elementor-element-populated\">\n\t\t\t\t\t\t<div class=\"elementor-element elementor-element-1ee009b elementor-widget elementor-widget-heading\" data-id=\"1ee009b\" data-element_type=\"widget\" data-e-type=\"widget\" data-widget_type=\"heading.default\">\n\t\t\t\t<div class=\"elementor-widget-container\">\n\t\t\t\t\t<h5 class=\"elementor-heading-title elementor-size-default\">...arba kaip mes vinis rinkom...<\/h5>\t\t\t\t<\/div>\n\t\t\t\t<\/div>\n\t\t\t\t<div class=\"elementor-element elementor-element-43b2a00 elementor-widget elementor-widget-heading\" data-id=\"43b2a00\" data-element_type=\"widget\" data-e-type=\"widget\" data-widget_type=\"heading.default\">\n\t\t\t\t<div class=\"elementor-widget-container\">\n\t\t\t\t\t<h1 class=\"elementor-heading-title elementor-size-default\">Lobio paie\u0161kos<\/h1>\t\t\t\t<\/div>\n\t\t\t\t<\/div>\n\t\t\t\t\t<\/div>\n\t\t<\/div>\n\t\t\t\t\t<\/div>\n\t\t<\/section>\n\t\t\t\t<section class=\"has_eae_slider elementor-section elementor-top-section elementor-element elementor-element-7b7445d elementor-section-boxed elementor-section-height-default elementor-section-height-default\" data-eae-slider=\"59570\" data-id=\"7b7445d\" data-element_type=\"section\" data-e-type=\"section\">\n\t\t\t\t\t\t<div class=\"elementor-container elementor-column-gap-default\">\n\t\t\t\t\t<div class=\"has_eae_slider elementor-column elementor-col-100 elementor-top-column elementor-element elementor-element-9ba8d2b\" data-eae-slider=\"47332\" data-id=\"9ba8d2b\" data-element_type=\"column\" data-e-type=\"column\">\n\t\t\t<div class=\"elementor-widget-wrap elementor-element-populated\">\n\t\t\t\t\t\t<div class=\"elementor-element elementor-element-d0aa0ed elementor-widget elementor-widget-text-editor\" data-id=\"d0aa0ed\" data-element_type=\"widget\" data-e-type=\"widget\" data-widget_type=\"text-editor.default\">\n\t\t\t\t<div class=\"elementor-widget-container\">\n\t\t\t\t\t\t\t\t\t<p>Kas per Naujus metus keldami \u0161ampano taures, kas sekmadieniais, kas per gimtadienio \u0161vent\u0119\u2026 Visi turime savo ritualus, kada svajoti ir \u017ead\u0117ti\u2026 ir, kas blogiausia, visi \u017eadame stebuklingus poky\u010dius jau tuoj tuoj.. nuo pirmadienio, nuo kito ryto\u2026 Neapsigaukite. Reikia prad\u0117ti dabar ir \u010dia.<br>M\u016bs\u0173 naujas hobis \u2013 tyrin\u0117jimai su metalo detektoriais.<br>Pirmas \u017eingsnis buvo i\u0161mokti naudotis \u0161iuo prietaisu (reikia klausytis, analizuoti ir eksperimentuoti, kad \u012fprastum, suvoktum ir nei\u0161kastum pus\u0117s lauko ie\u0161kodamas metalin\u0117s \u201c<i>\u0161aibos<\/i>\u201c). Antras, ne\u0161\u016bkauti kaskart, kai sucypsi aparatas, nes ten gali b\u016bti ir metalo priemai\u0161\u0173 turintis akmuo. Na, o tre\u010dia (<i>gal kas nori \u012f pagalbininkus<\/i>), u\u017ekasti visus \u201cpakasin\u0117jimus\u201d.<\/p>\t\t\t\t\t\t\t\t<\/div>\n\t\t\t\t<\/div>\n\t\t\t\t<div class=\"elementor-element elementor-element-30271d3 elementor-widget elementor-widget-text-editor\" data-id=\"30271d3\" data-element_type=\"widget\" data-e-type=\"widget\" data-widget_type=\"text-editor.default\">\n\t\t\t\t<div class=\"elementor-widget-container\">\n\t\t\t\t\t\t\t\t\t<p>Pirmo karto rezultatai:<br \/>1. baigiam surinkti ka\u017ekok\u012f \u017eem\u0117s apdirbimo prietais\u0105 (<i>dar neai\u0161ku, kas ten bus<\/i>);<br \/>2. suvokimas, kad visko \u0161ioje \u017eem\u0117j yra ir kad net prie\u0161 20 met\u0173 pamesti daiktai \u201cleid\u017eiasi \u017eemyn\u201d;<br \/>3. susiradome nauj\u0105 draug\u0105 Smalsut\u012f (<i>drie\u017eiuk\u0105<\/i>), kuris bijojo man\u0119s tiek pat, kiek a\u0161 jo, bet i\u0161 kasin\u0117jimo vietos n\u0117 vienas nesitrauk\u0117me,<\/p>\t\t\t\t\t\t\t\t<\/div>\n\t\t\t\t<\/div>\n\t\t\t\t<div class=\"elementor-element elementor-element-70a8b64 elementor-widget elementor-widget-image-gallery\" data-id=\"70a8b64\" data-element_type=\"widget\" data-e-type=\"widget\" data-widget_type=\"image-gallery.default\">\n\t\t\t\t<div class=\"elementor-widget-container\">\n\t\t\t\t\t\t\t<div class=\"elementor-image-gallery\">\n\t\t\t<div id='gallery-1' class='gallery galleryid-381 gallery-columns-3 gallery-size-large'><figure class='gallery-item'>\n\t\t\t<div class='gallery-icon landscape'>\n\t\t\t\t<a data-elementor-open-lightbox=\"yes\" data-elementor-lightbox-slideshow=\"70a8b64\" data-elementor-lightbox-title=\"IMG_20200605_200026\" data-e-action-hash=\"#elementor-action%3Aaction%3Dlightbox%26settings%3DeyJpZCI6MzkwLCJ1cmwiOiJodHRwczpcL1wvbWlzaWphLXN2YWpvbmVzLmx0XC93cC1jb250ZW50XC91cGxvYWRzXC8yMDIwXC8wN1wvSU1HXzIwMjAwNjA1XzIwMDAyNi1zY2FsZWQuanBnIiwic2xpZGVzaG93IjoiNzBhOGI2NCJ9\" href='https:\/\/misija-svajones.lt\/wp-content\/uploads\/2020\/07\/IMG_20200605_200026-scaled.jpg'><img fetchpriority=\"high\" decoding=\"async\" width=\"1024\" height=\"768\" src=\"https:\/\/misija-svajones.lt\/wp-content\/uploads\/2020\/07\/IMG_20200605_200026-1024x768.jpg\" class=\"attachment-large size-large\" alt=\"\" srcset=\"https:\/\/misija-svajones.lt\/wp-content\/uploads\/2020\/07\/IMG_20200605_200026-1024x768.jpg 1024w, https:\/\/misija-svajones.lt\/wp-content\/uploads\/2020\/07\/IMG_20200605_200026-300x225.jpg 300w, https:\/\/misija-svajones.lt\/wp-content\/uploads\/2020\/07\/IMG_20200605_200026-768x576.jpg 768w, https:\/\/misija-svajones.lt\/wp-content\/uploads\/2020\/07\/IMG_20200605_200026-1536x1152.jpg 1536w, https:\/\/misija-svajones.lt\/wp-content\/uploads\/2020\/07\/IMG_20200605_200026-2048x1536.jpg 2048w\" sizes=\"(max-width: 1024px) 100vw, 1024px\" \/><\/a>\n\t\t\t<\/div><\/figure><figure class='gallery-item'>\n\t\t\t<div class='gallery-icon landscape'>\n\t\t\t\t<a data-elementor-open-lightbox=\"yes\" data-elementor-lightbox-slideshow=\"70a8b64\" data-elementor-lightbox-title=\"IMG_20200606_174431\" data-e-action-hash=\"#elementor-action%3Aaction%3Dlightbox%26settings%3DeyJpZCI6MzkxLCJ1cmwiOiJodHRwczpcL1wvbWlzaWphLXN2YWpvbmVzLmx0XC93cC1jb250ZW50XC91cGxvYWRzXC8yMDIwXC8wN1wvSU1HXzIwMjAwNjA2XzE3NDQzMS1zY2FsZWQuanBnIiwic2xpZGVzaG93IjoiNzBhOGI2NCJ9\" href='https:\/\/misija-svajones.lt\/wp-content\/uploads\/2020\/07\/IMG_20200606_174431-scaled.jpg'><img decoding=\"async\" width=\"1024\" height=\"768\" src=\"https:\/\/misija-svajones.lt\/wp-content\/uploads\/2020\/07\/IMG_20200606_174431-1024x768.jpg\" class=\"attachment-large size-large\" alt=\"\" srcset=\"https:\/\/misija-svajones.lt\/wp-content\/uploads\/2020\/07\/IMG_20200606_174431-1024x768.jpg 1024w, https:\/\/misija-svajones.lt\/wp-content\/uploads\/2020\/07\/IMG_20200606_174431-300x225.jpg 300w, https:\/\/misija-svajones.lt\/wp-content\/uploads\/2020\/07\/IMG_20200606_174431-768x576.jpg 768w, https:\/\/misija-svajones.lt\/wp-content\/uploads\/2020\/07\/IMG_20200606_174431-1536x1152.jpg 1536w, https:\/\/misija-svajones.lt\/wp-content\/uploads\/2020\/07\/IMG_20200606_174431-2048x1536.jpg 2048w\" sizes=\"(max-width: 1024px) 100vw, 1024px\" \/><\/a>\n\t\t\t<\/div><\/figure><figure class='gallery-item'>\n\t\t\t<div class='gallery-icon landscape'>\n\t\t\t\t<a data-elementor-open-lightbox=\"yes\" data-elementor-lightbox-slideshow=\"70a8b64\" data-elementor-lightbox-title=\"IMG_20200606_175028\" data-e-action-hash=\"#elementor-action%3Aaction%3Dlightbox%26settings%3DeyJpZCI6MzkyLCJ1cmwiOiJodHRwczpcL1wvbWlzaWphLXN2YWpvbmVzLmx0XC93cC1jb250ZW50XC91cGxvYWRzXC8yMDIwXC8wN1wvSU1HXzIwMjAwNjA2XzE3NTAyOC1zY2FsZWQuanBnIiwic2xpZGVzaG93IjoiNzBhOGI2NCJ9\" href='https:\/\/misija-svajones.lt\/wp-content\/uploads\/2020\/07\/IMG_20200606_175028-scaled.jpg'><img decoding=\"async\" width=\"1024\" height=\"768\" src=\"https:\/\/misija-svajones.lt\/wp-content\/uploads\/2020\/07\/IMG_20200606_175028-1024x768.jpg\" class=\"attachment-large size-large\" alt=\"\" srcset=\"https:\/\/misija-svajones.lt\/wp-content\/uploads\/2020\/07\/IMG_20200606_175028-1024x768.jpg 1024w, https:\/\/misija-svajones.lt\/wp-content\/uploads\/2020\/07\/IMG_20200606_175028-300x225.jpg 300w, https:\/\/misija-svajones.lt\/wp-content\/uploads\/2020\/07\/IMG_20200606_175028-768x576.jpg 768w, https:\/\/misija-svajones.lt\/wp-content\/uploads\/2020\/07\/IMG_20200606_175028-1536x1152.jpg 1536w, https:\/\/misija-svajones.lt\/wp-content\/uploads\/2020\/07\/IMG_20200606_175028-2048x1536.jpg 2048w\" sizes=\"(max-width: 1024px) 100vw, 1024px\" \/><\/a>\n\t\t\t<\/div><\/figure><figure class='gallery-item'>\n\t\t\t<div class='gallery-icon landscape'>\n\t\t\t\t<a data-elementor-open-lightbox=\"yes\" data-elementor-lightbox-slideshow=\"70a8b64\" data-elementor-lightbox-title=\"IMG_20200606_192857\" data-e-action-hash=\"#elementor-action%3Aaction%3Dlightbox%26settings%3DeyJpZCI6MzkzLCJ1cmwiOiJodHRwczpcL1wvbWlzaWphLXN2YWpvbmVzLmx0XC93cC1jb250ZW50XC91cGxvYWRzXC8yMDIwXC8wN1wvSU1HXzIwMjAwNjA2XzE5Mjg1Ny1zY2FsZWQuanBnIiwic2xpZGVzaG93IjoiNzBhOGI2NCJ9\" href='https:\/\/misija-svajones.lt\/wp-content\/uploads\/2020\/07\/IMG_20200606_192857-scaled.jpg'><img loading=\"lazy\" decoding=\"async\" width=\"1024\" height=\"768\" src=\"https:\/\/misija-svajones.lt\/wp-content\/uploads\/2020\/07\/IMG_20200606_192857-1024x768.jpg\" class=\"attachment-large size-large\" alt=\"\" srcset=\"https:\/\/misija-svajones.lt\/wp-content\/uploads\/2020\/07\/IMG_20200606_192857-1024x768.jpg 1024w, https:\/\/misija-svajones.lt\/wp-content\/uploads\/2020\/07\/IMG_20200606_192857-300x225.jpg 300w, https:\/\/misija-svajones.lt\/wp-content\/uploads\/2020\/07\/IMG_20200606_192857-768x576.jpg 768w, https:\/\/misija-svajones.lt\/wp-content\/uploads\/2020\/07\/IMG_20200606_192857-1536x1152.jpg 1536w, https:\/\/misija-svajones.lt\/wp-content\/uploads\/2020\/07\/IMG_20200606_192857-2048x1536.jpg 2048w\" sizes=\"(max-width: 1024px) 100vw, 1024px\" \/><\/a>\n\t\t\t<\/div><\/figure><figure class='gallery-item'>\n\t\t\t<div class='gallery-icon landscape'>\n\t\t\t\t<a data-elementor-open-lightbox=\"yes\" data-elementor-lightbox-slideshow=\"70a8b64\" data-elementor-lightbox-title=\"IMG_20200606_174324\" data-e-action-hash=\"#elementor-action%3Aaction%3Dlightbox%26settings%3DeyJpZCI6Mzk0LCJ1cmwiOiJodHRwczpcL1wvbWlzaWphLXN2YWpvbmVzLmx0XC93cC1jb250ZW50XC91cGxvYWRzXC8yMDIwXC8wN1wvSU1HXzIwMjAwNjA2XzE3NDMyNC1zY2FsZWQuanBnIiwic2xpZGVzaG93IjoiNzBhOGI2NCJ9\" href='https:\/\/misija-svajones.lt\/wp-content\/uploads\/2020\/07\/IMG_20200606_174324-scaled.jpg'><img loading=\"lazy\" decoding=\"async\" width=\"1024\" height=\"768\" src=\"https:\/\/misija-svajones.lt\/wp-content\/uploads\/2020\/07\/IMG_20200606_174324-1024x768.jpg\" class=\"attachment-large size-large\" alt=\"\" srcset=\"https:\/\/misija-svajones.lt\/wp-content\/uploads\/2020\/07\/IMG_20200606_174324-1024x768.jpg 1024w, https:\/\/misija-svajones.lt\/wp-content\/uploads\/2020\/07\/IMG_20200606_174324-300x225.jpg 300w, https:\/\/misija-svajones.lt\/wp-content\/uploads\/2020\/07\/IMG_20200606_174324-768x576.jpg 768w, https:\/\/misija-svajones.lt\/wp-content\/uploads\/2020\/07\/IMG_20200606_174324-1536x1152.jpg 1536w, https:\/\/misija-svajones.lt\/wp-content\/uploads\/2020\/07\/IMG_20200606_174324-2048x1536.jpg 2048w\" sizes=\"(max-width: 1024px) 100vw, 1024px\" \/><\/a>\n\t\t\t<\/div><\/figure><figure class='gallery-item'>\n\t\t\t<div class='gallery-icon landscape'>\n\t\t\t\t<a data-elementor-open-lightbox=\"yes\" data-elementor-lightbox-slideshow=\"70a8b64\" data-elementor-lightbox-title=\"IMG_20200612_212853\" data-e-action-hash=\"#elementor-action%3Aaction%3Dlightbox%26settings%3DeyJpZCI6Mzk1LCJ1cmwiOiJodHRwczpcL1wvbWlzaWphLXN2YWpvbmVzLmx0XC93cC1jb250ZW50XC91cGxvYWRzXC8yMDIwXC8wN1wvSU1HXzIwMjAwNjEyXzIxMjg1My1zY2FsZWQuanBnIiwic2xpZGVzaG93IjoiNzBhOGI2NCJ9\" href='https:\/\/misija-svajones.lt\/wp-content\/uploads\/2020\/07\/IMG_20200612_212853-scaled.jpg'><img loading=\"lazy\" decoding=\"async\" width=\"1024\" height=\"768\" src=\"https:\/\/misija-svajones.lt\/wp-content\/uploads\/2020\/07\/IMG_20200612_212853-1024x768.jpg\" class=\"attachment-large size-large\" alt=\"\" srcset=\"https:\/\/misija-svajones.lt\/wp-content\/uploads\/2020\/07\/IMG_20200612_212853-1024x768.jpg 1024w, https:\/\/misija-svajones.lt\/wp-content\/uploads\/2020\/07\/IMG_20200612_212853-300x225.jpg 300w, https:\/\/misija-svajones.lt\/wp-content\/uploads\/2020\/07\/IMG_20200612_212853-768x576.jpg 768w, https:\/\/misija-svajones.lt\/wp-content\/uploads\/2020\/07\/IMG_20200612_212853-1536x1152.jpg 1536w, https:\/\/misija-svajones.lt\/wp-content\/uploads\/2020\/07\/IMG_20200612_212853-2048x1536.jpg 2048w\" sizes=\"(max-width: 1024px) 100vw, 1024px\" \/><\/a>\n\t\t\t<\/div><\/figure>\n\t\t<\/div>\n\t\t<\/div>\n\t\t\t\t\t\t<\/div>\n\t\t\t\t<\/div>\n\t\t\t\t\t<\/div>\n\t\t<\/div>\n\t\t\t\t\t<\/div>\n\t\t<\/section>\n\t\t\t\t<\/div>\n\t\t","protected":false},"excerpt":{"rendered":"<p>&#8230;arba kaip mes vinis rinkom&#8230; Lobio paie\u0161kos Kas per Naujus metus keldami \u0161ampano taures, kas sekmadieniais, kas per gimtadienio \u0161vent\u0119\u2026 Visi turime savo ritualus, kada svajoti ir \u017ead\u0117ti\u2026 ir, kas blogiausia, visi \u017eadame stebuklingus poky\u010dius jau tuoj tuoj.. nuo pirmadienio, nuo kito ryto\u2026 Neapsigaukite. Reikia prad\u0117ti dabar ir \u010dia.M\u016bs\u0173 naujas hobis \u2013 tyrin\u0117jimai su metalo [&hellip;]<\/p>\n","protected":false},"author":1,"featured_media":0,"parent":372,"menu_order":0,"comment_status":"closed","ping_status":"closed","template":"","meta":{"site-sidebar-layout":"no-sidebar","site-content-layout":"page-builder","ast-site-content-layout":"default","site-content-style":"default","site-sidebar-style":"default","ast-global-header-display":"","ast-banner-title-visibility":"","ast-main-header-display":"","ast-hfb-above-header-display":"","ast-hfb-below-header-display":"","ast-hfb-mobile-header-display":"","site-post-title":"disabled","ast-breadcrumbs-content":"","ast-featured-img":"disabled","footer-sml-layout":"","ast-disable-related-posts":"","theme-transparent-header-meta":"default","adv-header-id-meta":"","stick-header-meta":"","header-above-stick-meta":"","header-main-stick-meta":"","header-below-stick-meta":"","astra-migrate-meta-layouts":"default","ast-page-background-enabled":"default","ast-page-background-meta":{"desktop":{"background-color":"var(--ast-global-color-4)","background-image":"","background-repeat":"repeat","background-position":"center center","background-size":"auto","background-attachment":"scroll","background-type":"","background-media":"","overlay-type":"","overlay-color":"","overlay-opacity":"","overlay-gradient":""},"tablet":{"background-color":"","background-image":"","background-repeat":"repeat","background-position":"center center","background-size":"auto","background-attachment":"scroll","background-type":"","background-media":"","overlay-type":"","overlay-color":"","overlay-opacity":"","overlay-gradient":""},"mobile":{"background-color":"","background-image":"","background-repeat":"repeat","background-position":"center center","background-size":"auto","background-attachment":"scroll","background-type":"","background-media":"","overlay-type":"","overlay-color":"","overlay-opacity":"","overlay-gradient":""}},"ast-content-background-meta":{"desktop":{"background-color":"var(--ast-global-color-5)","background-image":"","background-repeat":"repeat","background-position":"center center","background-size":"auto","background-attachment":"scroll","background-type":"","background-media":"","overlay-type":"","overlay-color":"","overlay-opacity":"","overlay-gradient":""},"tablet":{"background-color":"var(--ast-global-color-5)","background-image":"","background-repeat":"repeat","background-position":"center center","background-size":"auto","background-attachment":"scroll","background-type":"","background-media":"","overlay-type":"","overlay-color":"","overlay-opacity":"","overlay-gradient":""},"mobile":{"background-color":"var(--ast-global-color-5)","background-image":"","background-repeat":"repeat","background-position":"center center","background-size":"auto","background-attachment":"scroll","background-type":"","background-media":"","overlay-type":"","overlay-color":"","overlay-opacity":"","overlay-gradient":""}},"footnotes":""},"class_list":["post-381","page","type-page","status-publish","hentry"],"_links":{"self":[{"href":"https:\/\/misija-svajones.lt\/index.php\/wp-json\/wp\/v2\/pages\/381","targetHints":{"allow":["GET"]}}],"collection":[{"href":"https:\/\/misija-svajones.lt\/index.php\/wp-json\/wp\/v2\/pages"}],"about":[{"href":"https:\/\/misija-svajones.lt\/index.php\/wp-json\/wp\/v2\/types\/page"}],"author":[{"embeddable":true,"href":"https:\/\/misija-svajones.lt\/index.php\/wp-json\/wp\/v2\/users\/1"}],"replies":[{"embeddable":true,"href":"https:\/\/misija-svajones.lt\/index.php\/wp-json\/wp\/v2\/comments?post=381"}],"version-history":[{"count":4,"href":"https:\/\/misija-svajones.lt\/index.php\/wp-json\/wp\/v2\/pages\/381\/revisions"}],"predecessor-version":[{"id":397,"href":"https:\/\/misija-svajones.lt\/index.php\/wp-json\/wp\/v2\/pages\/381\/revisions\/397"}],"up":[{"embeddable":true,"href":"https:\/\/misija-svajones.lt\/index.php\/wp-json\/wp\/v2\/pages\/372"}],"wp:attachment":[{"href":"https:\/\/misija-svajones.lt\/index.php\/wp-json\/wp\/v2\/media?parent=381"}],"curies":[{"name":"wp","href":"https:\/\/api.w.org\/{rel}","templated":true}]}}